{"id":251223,"date":"2023-05-19T09:29:14","date_gmt":"2023-05-19T09:29:14","guid":{"rendered":"https:\/\/www.ctsolutions.es\/desarrollos-especificos\/"},"modified":"2025-03-21T07:44:40","modified_gmt":"2025-03-21T07:44:40","slug":"desarrollos-especificos","status":"publish","type":"page","link":"https:\/\/www.ctsolutions.es\/fr\/desarrollos-especificos\/","title":{"rendered":"D\u00e9veloppements sp\u00e9cifiques"},"content":{"rendered":"<p>[et_pb_section fb_built=\u00a0\u00bb1&Prime; _builder_version=\u00a0\u00bb4.21.0&Prime; _module_preset=\u00a0\u00bbdefault\u00a0\u00bb background_color=\u00a0\u00bb#f7f7f7&Prime; use_background_color_gradient=\u00a0\u00bbon\u00a0\u00bb background_color_gradient_stops=\u00a0\u00bb#2b87da 50%|#f7f7f7 50%\u00a0\u00bb background_image=\u00a0\u00bbhttps:\/\/www.ctsolutions.es\/wp-content\/uploads\/2023\/07\/specific-developments_nuevo2.jpg\u00a0\u00bb height=\u00a0\u00bb404px\u00a0\u00bb custom_margin=\u00a0\u00bb||-6px||false|false\u00a0\u00bb custom_padding=\u00a0\u00bb||274px|||\u00a0\u00bb global_colors_info=\u00a0\u00bb{}\u00a0\u00bb][et_pb_row column_structure=\u00a0\u00bb1_2,1_2&Prime; _builder_version=\u00a0\u00bb4.21.0&Prime; _module_preset=\u00a0\u00bbdefault\u00a0\u00bb background_color=\u00a0\u00bb#ffffff\u00a0\u00bb vertical_offset=\u00a0\u00bb300px\u00a0\u00bb width=\u00a0\u00bb100%\u00a0\u00bb min_height=\u00a0\u00bb304.5px\u00a0\u00bb custom_margin=\u00a0\u00bb|auto|-12px|auto|false|false\u00a0\u00bb custom_padding=\u00a0\u00bb50px|50px|28px|50px|false|false\u00a0\u00bb global_colors_info=\u00a0\u00bb{}\u00a0\u00bb][et_pb_column type=\u00a0\u00bb1_2&Prime; _builder_version=\u00a0\u00bb4.20.4&Prime; _module_preset=\u00a0\u00bbdefault\u00a0\u00bb global_colors_info=\u00a0\u00bb{}\u00a0\u00bb][et_pb_text _builder_version=\u00a0\u00bb4.21.0&Prime; _module_preset=\u00a0\u00bbdefault\u00a0\u00bb text_font=\u00a0\u00bbCtgroup Regular||||||||\u00a0\u00bb background_color=\u00a0\u00bbRGBA(255,255,255,0)\u00a0\u00bb global_colors_info=\u00a0\u00bb{}\u00a0\u00bb]<\/p>\n<p><strong>CT Solutions vous aide \u00e0 d\u00e9velopper des applications et des automatismes qui rationalisent vos processus de conception et industriels et couvrent l&rsquo;ensemble du cycle de vie des produits et des actifs.<\/strong><\/p>\n<p class=\"p3\">d&rsquo;avoir des besoins sp\u00e9cifiques qui d\u00e9passent les fonctionnalit\u00e9s du logiciel.Au cours de nos 35 ann\u00e9es de pr\u00e9sence dans le secteur industriel, nous avons rencontr\u00e9 des situations dans lesquelles, au-del\u00e0 des capacit\u00e9s des solutions logicielles elles-m\u00eames, les entreprises continuent<\/p>\n<p>[\/et_pb_text][et_pb_text _builder_version=\u00a0\u00bb4.23.1&Prime; _module_preset=\u00a0\u00bbdefault\u00a0\u00bb text_font=\u00a0\u00bbCTgroup Bold||||||||\u00a0\u00bb text_text_color=\u00a0\u00bb#ffffff\u00a0\u00bb text_font_size=\u00a0\u00bb40px\u00a0\u00bb positioning=\u00a0\u00bbabsolute\u00a0\u00bb width=\u00a0\u00bb100%\u00a0\u00bb custom_margin=\u00a0\u00bb-200px||||false|false\u00a0\u00bb global_colors_info=\u00a0\u00bb{}\u00a0\u00bb]<\/p>\n<h1>D\u00e9veloppements sp\u00e9cifiques<\/h1>\n<p>[\/et_pb_text][\/et_pb_column][et_pb_column type=\u00a0\u00bb1_2&Prime; _builder_version=\u00a0\u00bb4.20.4&Prime; _module_preset=\u00a0\u00bbdefault\u00a0\u00bb global_colors_info=\u00a0\u00bb{}\u00a0\u00bb][et_pb_text _builder_version=\u00a0\u00bb4.23.1&Prime; _module_preset=\u00a0\u00bbdefault\u00a0\u00bb text_font=\u00a0\u00bbCtgroup Regular||||||||\u00a0\u00bb background_color=\u00a0\u00bbRGBA(255,255,255,0)\u00a0\u00bb custom_margin=\u00a0\u00bb||||false|false\u00a0\u00bb hover_enabled=\u00a0\u00bb0&Prime; global_colors_info=\u00a0\u00bb{}\u00a0\u00bb custom_margin_last_edited=\u00a0\u00bbon|phone\u00a0\u00bb custom_margin_phone=\u00a0\u00bb-20px||||false|false\u00a0\u00bb sticky_enabled=\u00a0\u00bb0&Prime; custom_margin_tablet=\u00a0\u00bb||||false|false\u00a0\u00bb]<\/p>\n<p class=\"p1\">d&rsquo;avoir des besoins sp\u00e9cifiques qui d\u00e9passent les fonctionnalit\u00e9s du logiciel.Des besoins auxquels il faut r\u00e9pondre par des d\u00e9veloppements sp\u00e9cifiques bas\u00e9s sur la jurisprudence et les besoins sp\u00e9cifiques de chaque entreprise. <\/p>\n<p class=\"p2\"><strong>Nos ing\u00e9nieurs experts en programmation vous fourniront des solutions sur mesure qui vous permettront d&rsquo;\u00eatre plus efficace et plus comp\u00e9titif.<\/strong><\/p>\n<p>[\/et_pb_text][\/et_pb_column][\/et_pb_row][\/et_pb_section][et_pb_section fb_built=\u00a0\u00bb1&Prime; module_class=\u00a0\u00bbplmtabs3&Prime; _builder_version=\u00a0\u00bb4.23.1&Prime; _module_preset=\u00a0\u00bbdefault\u00a0\u00bb min_height=\u00a0\u00bb805.8px\u00a0\u00bb custom_margin=\u00a0\u00bb400px||||false|false\u00a0\u00bb custom_margin_tablet=\u00a0\u00bb400px||||false|false\u00a0\u00bb custom_margin_phone=\u00a0\u00bb800px||||false|false\u00a0\u00bb custom_margin_last_edited=\u00a0\u00bbon|phone\u00a0\u00bb custom_padding=\u00a0\u00bb34px|||||\u00a0\u00bb hover_enabled=\u00a0\u00bb0&Prime; global_colors_info=\u00a0\u00bb{}\u00a0\u00bb sticky_enabled=\u00a0\u00bb0&Prime;][et_pb_row _builder_version=\u00a0\u00bb4.18.0&Prime; _module_preset=\u00a0\u00bbdefault\u00a0\u00bb custom_padding=\u00a0\u00bb24px|||||\u00a0\u00bb locked=\u00a0\u00bboff\u00a0\u00bb global_colors_info=\u00a0\u00bb{}\u00a0\u00bb][et_pb_column type=\u00a0\u00bb4_4&Prime; _builder_version=\u00a0\u00bb4.18.0&Prime; _module_preset=\u00a0\u00bbdefault\u00a0\u00bb global_colors_info=\u00a0\u00bb{}\u00a0\u00bb][et_pb_text _builder_version=\u00a0\u00bb4.21.0&Prime; _module_preset=\u00a0\u00bbdefault\u00a0\u00bb text_font=\u00a0\u00bbCtgroup Regular||||||||\u00a0\u00bb text_text_color=\u00a0\u00bb#012d9a\u00a0\u00bb text_font_size=\u00a0\u00bb36px\u00a0\u00bb global_colors_info=\u00a0\u00bb{}\u00a0\u00bb]<\/p>\n<h2>Notre garantie de qualit\u00e9<\/h2>\n<p>[\/et_pb_text][\/et_pb_column][\/et_pb_row][et_pb_row column_structure=\u00a0\u00bb1_2,1_2&Prime; custom_padding_last_edited=\u00a0\u00bbon|tablet\u00a0\u00bb _builder_version=\u00a0\u00bb4.19.0&Prime; _module_preset=\u00a0\u00bbdefault\u00a0\u00bb custom_padding_tablet=\u00a0\u00bb||0px||false|false\u00a0\u00bb custom_padding_phone=\u00a0\u00bb\u00a0\u00bb global_colors_info=\u00a0\u00bb{}\u00a0\u00bb][et_pb_column type=\u00a0\u00bb1_2&Prime; _builder_version=\u00a0\u00bb4.19.0&Prime; _module_preset=\u00a0\u00bbdefault\u00a0\u00bb global_colors_info=\u00a0\u00bb{}\u00a0\u00bb][et_pb_blurb title=\u00a0\u00bbPlus de 35 ans d&apos;exp\u00e9rience\u00a0\u00bb image=\u00a0\u00bbhttps:\/\/www.ctsolutions.es\/wp-content\/uploads\/2023\/05\/sello-garantia-01.png\u00a0\u00bb _builder_version=\u00a0\u00bb4.21.0&Prime; _module_preset=\u00a0\u00bb9204c1e7-f2ca-47f4-b891-4b98bc57f42c\u00a0\u00bb header_font=\u00a0\u00bbCtgroup Regular|700|||||||\u00a0\u00bb body_font=\u00a0\u00bbCtgroup Regular||||||||\u00a0\u00bb body_line_height=\u00a0\u00bb1.4em\u00a0\u00bb locked=\u00a0\u00bboff\u00a0\u00bb global_colors_info=\u00a0\u00bb{}\u00a0\u00bb]<\/p>\n<p class=\"p1\">Sp\u00e9cialistes des services li\u00e9s au conseil, \u00e0 la mise en \u0153uvre, \u00e0 la formation et \u00e0 la collaboration dans le cadre de projets d&rsquo;ing\u00e9nierie.<\/p>\n<p>[\/et_pb_blurb][\/et_pb_column][et_pb_column type=\u00a0\u00bb1_2&Prime; _builder_version=\u00a0\u00bb4.19.0&Prime; _module_preset=\u00a0\u00bbdefault\u00a0\u00bb global_colors_info=\u00a0\u00bb{}\u00a0\u00bb][et_pb_blurb title=\u00a0\u00bbPLM et num\u00e9risation.\u00a0\u00bb image=\u00a0\u00bbhttps:\/\/www.ctsolutions.es\/wp-content\/uploads\/2023\/05\/sello-garantia-02.png\u00a0\u00bb _builder_version=\u00a0\u00bb4.21.0&Prime; _module_preset=\u00a0\u00bb9204c1e7-f2ca-47f4-b891-4b98bc57f42c\u00a0\u00bb header_font=\u00a0\u00bbCtgroup Regular|700|||||||\u00a0\u00bb body_font=\u00a0\u00bbCtgroup Regular||||||||\u00a0\u00bb body_line_height=\u00a0\u00bb1.4em\u00a0\u00bb locked=\u00a0\u00bboff\u00a0\u00bb global_colors_info=\u00a0\u00bb{}\u00a0\u00bb]<\/p>\n<p class=\"p1\">Experts en technologies li\u00e9es \u00e0 l&rsquo;ensemble du cycle de vie des produits et des actifs.<\/p>\n<p>[\/et_pb_blurb][\/et_pb_column][\/et_pb_row][et_pb_row column_structure=\u00a0\u00bb1_2,1_2&Prime; custom_padding_last_edited=\u00a0\u00bbon|tablet\u00a0\u00bb _builder_version=\u00a0\u00bb4.19.0&Prime; _module_preset=\u00a0\u00bbdefault\u00a0\u00bb custom_padding_tablet=\u00a0\u00bb||0px||false|false\u00a0\u00bb custom_padding_phone=\u00a0\u00bb\u00a0\u00bb global_colors_info=\u00a0\u00bb{}\u00a0\u00bb][et_pb_column type=\u00a0\u00bb1_2&Prime; _builder_version=\u00a0\u00bb4.19.0&Prime; _module_preset=\u00a0\u00bbdefault\u00a0\u00bb global_colors_info=\u00a0\u00bb{}\u00a0\u00bb][et_pb_blurb title=\u00a0\u00bbDes services flexibles et personnalis\u00e9s\u00a0\u00bb image=\u00a0\u00bbhttps:\/\/www.ctsolutions.es\/wp-content\/uploads\/2023\/05\/sello-garantia-03.png\u00a0\u00bb _builder_version=\u00a0\u00bb4.21.0&Prime; _module_preset=\u00a0\u00bb9204c1e7-f2ca-47f4-b891-4b98bc57f42c\u00a0\u00bb header_font=\u00a0\u00bbCtgroup Regular|700|||||||\u00a0\u00bb body_font=\u00a0\u00bbCtgroup Regular||||||||\u00a0\u00bb body_line_height=\u00a0\u00bb1.4em\u00a0\u00bb locked=\u00a0\u00bboff\u00a0\u00bb global_colors_info=\u00a0\u00bb{}\u00a0\u00bb]<\/p>\n<p class=\"p1\">Toujours soucieux de comprendre les besoins de nos clients et de nous y adapter, nous avons mis au point des mod\u00e8les de support personnalis\u00e9s pour chacun d&rsquo;entre eux.<\/p>\n<p>[\/et_pb_blurb][\/et_pb_column][et_pb_column type=\u00a0\u00bb1_2&Prime; _builder_version=\u00a0\u00bb4.19.0&Prime; _module_preset=\u00a0\u00bbdefault\u00a0\u00bb global_colors_info=\u00a0\u00bb{}\u00a0\u00bb][et_pb_blurb title=\u00a0\u00bbLeaders en innovation technologique\u00a0\u00bb image=\u00a0\u00bbhttps:\/\/www.ctsolutions.es\/wp-content\/uploads\/2023\/05\/sello-garantia-04.png\u00a0\u00bb _builder_version=\u00a0\u00bb4.21.0&Prime; _module_preset=\u00a0\u00bb9204c1e7-f2ca-47f4-b891-4b98bc57f42c\u00a0\u00bb header_font=\u00a0\u00bbCtgroup Regular|700|||||||\u00a0\u00bb body_font=\u00a0\u00bbCtgroup Regular||||||||\u00a0\u00bb body_line_height=\u00a0\u00bb1.4em\u00a0\u00bb locked=\u00a0\u00bboff\u00a0\u00bb global_colors_info=\u00a0\u00bb{}\u00a0\u00bb]<\/p>\n<p class=\"p1\">\u00c9quipe de services multidisciplinaires et multifournisseurs poss\u00e9dant une vaste exp\u00e9rience dans tous les processus industriels.<\/p>\n<p>[\/et_pb_blurb][\/et_pb_column][\/et_pb_row][et_pb_row column_structure=\u00a0\u00bb1_2,1_2&Prime; custom_padding_last_edited=\u00a0\u00bbon|tablet\u00a0\u00bb _builder_version=\u00a0\u00bb4.19.0&Prime; _module_preset=\u00a0\u00bbdefault\u00a0\u00bb custom_padding_tablet=\u00a0\u00bb||0px||false|false\u00a0\u00bb custom_padding_phone=\u00a0\u00bb\u00a0\u00bb global_colors_info=\u00a0\u00bb{}\u00a0\u00bb][et_pb_column type=\u00a0\u00bb1_2&Prime; _builder_version=\u00a0\u00bb4.19.0&Prime; _module_preset=\u00a0\u00bbdefault\u00a0\u00bb global_colors_info=\u00a0\u00bb{}\u00a0\u00bb][et_pb_blurb title=\u00a0\u00bbPassionn\u00e9s de technologie\u00a0\u00bb image=\u00a0\u00bbhttps:\/\/www.ctsolutions.es\/wp-content\/uploads\/2023\/05\/sello-garantia-05.png\u00a0\u00bb _builder_version=\u00a0\u00bb4.21.0&Prime; _module_preset=\u00a0\u00bb9204c1e7-f2ca-47f4-b891-4b98bc57f42c\u00a0\u00bb header_font=\u00a0\u00bbCtgroup Regular|700|||||||\u00a0\u00bb body_font=\u00a0\u00bbCtgroup Regular||||||||\u00a0\u00bb body_line_height=\u00a0\u00bb1.4em\u00a0\u00bb locked=\u00a0\u00bboff\u00a0\u00bb global_colors_info=\u00a0\u00bb{}\u00a0\u00bb]<\/p>\n<p class=\"p1\">Chez<strong> CT,<\/strong> nous disposons de toutes les connaissances sur l&rsquo;utilisation productive des outils.<\/p>\n<p>[\/et_pb_blurb][\/et_pb_column][et_pb_column type=\u00a0\u00bb1_2&Prime; _builder_version=\u00a0\u00bb4.19.0&Prime; _module_preset=\u00a0\u00bbdefault\u00a0\u00bb global_colors_info=\u00a0\u00bb{}\u00a0\u00bb][et_pb_blurb title=\u00a0\u00bbContrats de niveau de service (SLA)\u00a0\u00bb image=\u00a0\u00bbhttps:\/\/www.ctsolutions.es\/wp-content\/uploads\/2023\/05\/sello-garantia-06.png\u00a0\u00bb _builder_version=\u00a0\u00bb4.21.0&Prime; _module_preset=\u00a0\u00bb9204c1e7-f2ca-47f4-b891-4b98bc57f42c\u00a0\u00bb header_font=\u00a0\u00bbCtgroup Regular|700|||||||\u00a0\u00bb body_font=\u00a0\u00bbCtgroup Regular||||||||\u00a0\u00bb body_line_height=\u00a0\u00bb1.4em\u00a0\u00bb locked=\u00a0\u00bboff\u00a0\u00bb global_colors_info=\u00a0\u00bb{}\u00a0\u00bb]<\/p>\n<p class=\"p1\">Service de support avanc\u00e9 avec une attention 5\u00d78 et une premi\u00e8re r\u00e9ponse en 4 heures.<\/p>\n<p>[\/et_pb_blurb][\/et_pb_column][\/et_pb_row][\/et_pb_section]<\/p>\n","protected":false},"excerpt":{"rendered":"<p>CT Solutions vous aide \u00e0 d\u00e9velopper des applications et des automatismes qui rationalisent vos processus de conception et industriels et couvrent l&rsquo;ensemble du cycle de vie des produits et des actifs. d&rsquo;avoir des besoins sp\u00e9cifiques qui d\u00e9passent les fonctionnalit\u00e9s du logiciel.Au cours de nos 35 ann\u00e9es de pr\u00e9sence dans le secteur industriel, nous avons rencontr\u00e9 des situations dans lesquelles, au-del\u00e0 des capacit\u00e9s des solutions logicielles elles-m\u00eames, les entreprises continuentD\u00e9veloppements sp\u00e9cifiquesd&rsquo;avoir des besoins sp\u00e9cifiques qui d\u00e9passent les fonctionnalit\u00e9s du logiciel.Des besoins auxquels il faut r\u00e9pondre par des d\u00e9veloppements sp\u00e9cifiques bas\u00e9s sur la jurisprudence et les besoins sp\u00e9cifiques de chaque entreprise. Nos ing\u00e9nieurs experts en programmation vous fourniront des solutions sur mesure qui vous permettront d&rsquo;\u00eatre plus efficace et plus comp\u00e9titif.Notre garantie de qualit\u00e9Sp\u00e9cialistes des services li\u00e9s au conseil, \u00e0 la mise en \u0153uvre, \u00e0 la formation et \u00e0 la collaboration dans le cadre de projets d&rsquo;ing\u00e9nierie.Experts en technologies li\u00e9es \u00e0 l&rsquo;ensemble du cycle de vie des produits et des actifs.Toujours soucieux de comprendre les besoins de nos clients et de nous y adapter, nous avons mis au point des mod\u00e8les de support personnalis\u00e9s pour chacun d&rsquo;entre eux.\u00c9quipe de services multidisciplinaires et multifournisseurs poss\u00e9dant une vaste exp\u00e9rience dans tous les processus industriels.Chez [&hellip;]<\/p>\n","protected":false},"author":1,"featured_media":0,"parent":0,"menu_order":0,"comment_status":"closed","ping_status":"closed","template":"","meta":{"_et_pb_use_builder":"on","_et_pb_old_content":"","_et_gb_content_width":"","footnotes":""},"class_list":["post-251223","page","type-page","status-publish","hentry"],"yoast_head":"<!-- This site is optimized with the Yoast SEO plugin v27.3 - https:\/\/yoast.com\/product\/yoast-seo-wordpress\/ -->\r\n<title>D\u00e9veloppements sp\u00e9cifiques - CT Solutions<\/title>\r\n<meta name=\"robots\" content=\"index, follow, max-snippet:-1, max-image-preview:large, max-video-preview:-1\" \/>\r\n<link rel=\"canonical\" href=\"https:\/\/www.ctsolutions.es\/desarrollos-especificos\/\" \/>\r\n<meta property=\"og:locale\" content=\"fr_FR\" \/>\r\n<meta property=\"og:type\" content=\"article\" \/>\r\n<meta property=\"og:title\" content=\"D\u00e9veloppements sp\u00e9cifiques - CT Solutions\" \/>\r\n<meta property=\"og:description\" content=\"CT Solutions vous aide \u00e0 d\u00e9velopper des applications et des automatismes qui rationalisent vos processus de conception et industriels et couvrent l&#039;ensemble du cycle de vie des produits et des actifs. d&#039;avoir des besoins sp\u00e9cifiques qui d\u00e9passent les fonctionnalit\u00e9s du logiciel.Au cours de nos 35 ann\u00e9es de pr\u00e9sence dans le secteur industriel, nous avons rencontr\u00e9 des situations dans lesquelles, au-del\u00e0 des capacit\u00e9s des solutions logicielles elles-m\u00eames, les entreprises continuentD\u00e9veloppements sp\u00e9cifiquesd&#039;avoir des besoins sp\u00e9cifiques qui d\u00e9passent les fonctionnalit\u00e9s du logiciel.Des besoins auxquels il faut r\u00e9pondre par des d\u00e9veloppements sp\u00e9cifiques bas\u00e9s sur la jurisprudence et les besoins sp\u00e9cifiques de chaque entreprise. Nos ing\u00e9nieurs experts en programmation vous fourniront des solutions sur mesure qui vous permettront d&#039;\u00eatre plus efficace et plus comp\u00e9titif.Notre garantie de qualit\u00e9Sp\u00e9cialistes des services li\u00e9s au conseil, \u00e0 la mise en \u0153uvre, \u00e0 la formation et \u00e0 la collaboration dans le cadre de projets d&#039;ing\u00e9nierie.Experts en technologies li\u00e9es \u00e0 l&#039;ensemble du cycle de vie des produits et des actifs.Toujours soucieux de comprendre les besoins de nos clients et de nous y adapter, nous avons mis au point des mod\u00e8les de support personnalis\u00e9s pour chacun d&#039;entre eux.\u00c9quipe de services multidisciplinaires et multifournisseurs poss\u00e9dant une vaste exp\u00e9rience dans tous les processus industriels.Chez [&hellip;]\" \/>\r\n<meta property=\"og:url\" content=\"https:\/\/www.ctsolutions.es\/desarrollos-especificos\/\" \/>\r\n<meta property=\"og:site_name\" content=\"CT Solutions\" \/>\r\n<meta property=\"article:modified_time\" content=\"2025-03-21T07:44:40+00:00\" \/>\r\n<meta name=\"twitter:card\" content=\"summary_large_image\" \/>\r\n<meta name=\"twitter:site\" content=\"@ctsolutionsg\" \/>\r\n<meta name=\"twitter:label1\" content=\"Dur\u00e9e de lecture estim\u00e9e\" \/>\n\t<meta name=\"twitter:data1\" content=\"6 minutes\" \/>\r\n<script type=\"application\/ld+json\" class=\"yoast-schema-graph\">{\"@context\":\"https:\\\/\\\/schema.org\",\"@graph\":[{\"@type\":\"WebPage\",\"@id\":\"https:\\\/\\\/www.ctsolutions.es\\\/desarrollos-especificos\\\/\",\"url\":\"https:\\\/\\\/www.ctsolutions.es\\\/desarrollos-especificos\\\/\",\"name\":\"D\u00e9veloppements sp\u00e9cifiques - CT Solutions\",\"isPartOf\":{\"@id\":\"https:\\\/\\\/www.ctsolutions.es\\\/#website\"},\"datePublished\":\"2023-05-19T09:29:14+00:00\",\"dateModified\":\"2025-03-21T07:44:40+00:00\",\"breadcrumb\":{\"@id\":\"https:\\\/\\\/www.ctsolutions.es\\\/desarrollos-especificos\\\/#breadcrumb\"},\"inLanguage\":\"fr-FR\",\"potentialAction\":[{\"@type\":\"ReadAction\",\"target\":[\"https:\\\/\\\/www.ctsolutions.es\\\/desarrollos-especificos\\\/\"]}]},{\"@type\":\"BreadcrumbList\",\"@id\":\"https:\\\/\\\/www.ctsolutions.es\\\/desarrollos-especificos\\\/#breadcrumb\",\"itemListElement\":[{\"@type\":\"ListItem\",\"position\":1,\"name\":\"Portada\",\"item\":\"https:\\\/\\\/www.ctsolutions.es\\\/\"},{\"@type\":\"ListItem\",\"position\":2,\"name\":\"D\u00e9veloppements sp\u00e9cifiques\"}]},{\"@type\":\"WebSite\",\"@id\":\"https:\\\/\\\/www.ctsolutions.es\\\/#website\",\"url\":\"https:\\\/\\\/www.ctsolutions.es\\\/\",\"name\":\"CT Solutions\",\"description\":\"M\u00e1s de 35 a\u00f1os ayudando a las empresas a ser m\u00e1s eficaces y competitivas\",\"publisher\":{\"@id\":\"https:\\\/\\\/www.ctsolutions.es\\\/#organization\"},\"potentialAction\":[{\"@type\":\"SearchAction\",\"target\":{\"@type\":\"EntryPoint\",\"urlTemplate\":\"https:\\\/\\\/www.ctsolutions.es\\\/?s={search_term_string}\"},\"query-input\":{\"@type\":\"PropertyValueSpecification\",\"valueRequired\":true,\"valueName\":\"search_term_string\"}}],\"inLanguage\":\"fr-FR\"},{\"@type\":\"Organization\",\"@id\":\"https:\\\/\\\/www.ctsolutions.es\\\/#organization\",\"name\":\"CT Solutions\",\"url\":\"https:\\\/\\\/www.ctsolutions.es\\\/\",\"logo\":{\"@type\":\"ImageObject\",\"inLanguage\":\"fr-FR\",\"@id\":\"https:\\\/\\\/www.ctsolutions.es\\\/#\\\/schema\\\/logo\\\/image\\\/\",\"url\":\"https:\\\/\\\/www.ctsolutions.es\\\/wp-content\\\/uploads\\\/2023\\\/06\\\/Logo-CT-Solutions-positive-version.png\",\"contentUrl\":\"https:\\\/\\\/www.ctsolutions.es\\\/wp-content\\\/uploads\\\/2023\\\/06\\\/Logo-CT-Solutions-positive-version.png\",\"width\":1160,\"height\":501,\"caption\":\"CT Solutions\"},\"image\":{\"@id\":\"https:\\\/\\\/www.ctsolutions.es\\\/#\\\/schema\\\/logo\\\/image\\\/\"},\"sameAs\":[\"https:\\\/\\\/x.com\\\/ctsolutionsg\"]}]}<\/script>\r\n<!-- \/ Yoast SEO plugin. -->","yoast_head_json":{"title":"D\u00e9veloppements sp\u00e9cifiques - CT Solutions","robots":{"index":"index","follow":"follow","max-snippet":"max-snippet:-1","max-image-preview":"max-image-preview:large","max-video-preview":"max-video-preview:-1"},"canonical":"https:\/\/www.ctsolutions.es\/desarrollos-especificos\/","og_locale":"fr_FR","og_type":"article","og_title":"D\u00e9veloppements sp\u00e9cifiques - CT Solutions","og_description":"CT Solutions vous aide \u00e0 d\u00e9velopper des applications et des automatismes qui rationalisent vos processus de conception et industriels et couvrent l'ensemble du cycle de vie des produits et des actifs. d'avoir des besoins sp\u00e9cifiques qui d\u00e9passent les fonctionnalit\u00e9s du logiciel.Au cours de nos 35 ann\u00e9es de pr\u00e9sence dans le secteur industriel, nous avons rencontr\u00e9 des situations dans lesquelles, au-del\u00e0 des capacit\u00e9s des solutions logicielles elles-m\u00eames, les entreprises continuentD\u00e9veloppements sp\u00e9cifiquesd'avoir des besoins sp\u00e9cifiques qui d\u00e9passent les fonctionnalit\u00e9s du logiciel.Des besoins auxquels il faut r\u00e9pondre par des d\u00e9veloppements sp\u00e9cifiques bas\u00e9s sur la jurisprudence et les besoins sp\u00e9cifiques de chaque entreprise. Nos ing\u00e9nieurs experts en programmation vous fourniront des solutions sur mesure qui vous permettront d'\u00eatre plus efficace et plus comp\u00e9titif.Notre garantie de qualit\u00e9Sp\u00e9cialistes des services li\u00e9s au conseil, \u00e0 la mise en \u0153uvre, \u00e0 la formation et \u00e0 la collaboration dans le cadre de projets d'ing\u00e9nierie.Experts en technologies li\u00e9es \u00e0 l'ensemble du cycle de vie des produits et des actifs.Toujours soucieux de comprendre les besoins de nos clients et de nous y adapter, nous avons mis au point des mod\u00e8les de support personnalis\u00e9s pour chacun d'entre eux.\u00c9quipe de services multidisciplinaires et multifournisseurs poss\u00e9dant une vaste exp\u00e9rience dans tous les processus industriels.Chez [&hellip;]","og_url":"https:\/\/www.ctsolutions.es\/desarrollos-especificos\/","og_site_name":"CT Solutions","article_modified_time":"2025-03-21T07:44:40+00:00","twitter_card":"summary_large_image","twitter_site":"@ctsolutionsg","twitter_misc":{"Dur\u00e9e de lecture estim\u00e9e":"6 minutes"},"schema":{"@context":"https:\/\/schema.org","@graph":[{"@type":"WebPage","@id":"https:\/\/www.ctsolutions.es\/desarrollos-especificos\/","url":"https:\/\/www.ctsolutions.es\/desarrollos-especificos\/","name":"D\u00e9veloppements sp\u00e9cifiques - CT Solutions","isPartOf":{"@id":"https:\/\/www.ctsolutions.es\/#website"},"datePublished":"2023-05-19T09:29:14+00:00","dateModified":"2025-03-21T07:44:40+00:00","breadcrumb":{"@id":"https:\/\/www.ctsolutions.es\/desarrollos-especificos\/#breadcrumb"},"inLanguage":"fr-FR","potentialAction":[{"@type":"ReadAction","target":["https:\/\/www.ctsolutions.es\/desarrollos-especificos\/"]}]},{"@type":"BreadcrumbList","@id":"https:\/\/www.ctsolutions.es\/desarrollos-especificos\/#breadcrumb","itemListElement":[{"@type":"ListItem","position":1,"name":"Portada","item":"https:\/\/www.ctsolutions.es\/"},{"@type":"ListItem","position":2,"name":"D\u00e9veloppements sp\u00e9cifiques"}]},{"@type":"WebSite","@id":"https:\/\/www.ctsolutions.es\/#website","url":"https:\/\/www.ctsolutions.es\/","name":"CT Solutions","description":"M\u00e1s de 35 a\u00f1os ayudando a las empresas a ser m\u00e1s eficaces y competitivas","publisher":{"@id":"https:\/\/www.ctsolutions.es\/#organization"},"potentialAction":[{"@type":"SearchAction","target":{"@type":"EntryPoint","urlTemplate":"https:\/\/www.ctsolutions.es\/?s={search_term_string}"},"query-input":{"@type":"PropertyValueSpecification","valueRequired":true,"valueName":"search_term_string"}}],"inLanguage":"fr-FR"},{"@type":"Organization","@id":"https:\/\/www.ctsolutions.es\/#organization","name":"CT Solutions","url":"https:\/\/www.ctsolutions.es\/","logo":{"@type":"ImageObject","inLanguage":"fr-FR","@id":"https:\/\/www.ctsolutions.es\/#\/schema\/logo\/image\/","url":"https:\/\/www.ctsolutions.es\/wp-content\/uploads\/2023\/06\/Logo-CT-Solutions-positive-version.png","contentUrl":"https:\/\/www.ctsolutions.es\/wp-content\/uploads\/2023\/06\/Logo-CT-Solutions-positive-version.png","width":1160,"height":501,"caption":"CT Solutions"},"image":{"@id":"https:\/\/www.ctsolutions.es\/#\/schema\/logo\/image\/"},"sameAs":["https:\/\/x.com\/ctsolutionsg"]}]}},"_links":{"self":[{"href":"https:\/\/www.ctsolutions.es\/fr\/wp-json\/wp\/v2\/pages\/251223","targetHints":{"allow":["GET"]}}],"collection":[{"href":"https:\/\/www.ctsolutions.es\/fr\/wp-json\/wp\/v2\/pages"}],"about":[{"href":"https:\/\/www.ctsolutions.es\/fr\/wp-json\/wp\/v2\/types\/page"}],"author":[{"embeddable":true,"href":"https:\/\/www.ctsolutions.es\/fr\/wp-json\/wp\/v2\/users\/1"}],"replies":[{"embeddable":true,"href":"https:\/\/www.ctsolutions.es\/fr\/wp-json\/wp\/v2\/comments?post=251223"}],"version-history":[{"count":5,"href":"https:\/\/www.ctsolutions.es\/fr\/wp-json\/wp\/v2\/pages\/251223\/revisions"}],"predecessor-version":[{"id":251663,"href":"https:\/\/www.ctsolutions.es\/fr\/wp-json\/wp\/v2\/pages\/251223\/revisions\/251663"}],"wp:attachment":[{"href":"https:\/\/www.ctsolutions.es\/fr\/wp-json\/wp\/v2\/media?parent=251223"}],"curies":[{"name":"wp","href":"https:\/\/api.w.org\/{rel}","templated":true}]}}