{"id":251220,"date":"2023-05-19T09:04:14","date_gmt":"2023-05-19T09:04:14","guid":{"rendered":"https:\/\/www.ctsolutions.es\/ingenieria-y-colaboracion\/"},"modified":"2025-03-21T07:50:35","modified_gmt":"2025-03-21T07:50:35","slug":"ingenieria-y-colaboracion","status":"publish","type":"page","link":"https:\/\/www.ctsolutions.es\/fr\/ingenieria-y-colaboracion\/","title":{"rendered":"Ingenier\u00eda y colaboraci\u00f3n"},"content":{"rendered":"<p>[et_pb_section fb_built=\u00a0\u00bb1&Prime; _builder_version=\u00a0\u00bb4.21.0&Prime; _module_preset=\u00a0\u00bbdefault\u00a0\u00bb background_color=\u00a0\u00bb#f7f7f7&Prime; use_background_color_gradient=\u00a0\u00bbon\u00a0\u00bb background_color_gradient_stops=\u00a0\u00bb#2b87da 50%|#f7f7f7 50%\u00a0\u00bb background_image=\u00a0\u00bbhttps:\/\/www.ctsolutions.es\/wp-content\/uploads\/2023\/07\/engineering-collaboration_nuevo-1.jpg\u00a0\u00bb height=\u00a0\u00bb400px\u00a0\u00bb custom_margin=\u00a0\u00bb||311px||false|false\u00a0\u00bb global_colors_info=\u00a0\u00bb{}\u00a0\u00bb][et_pb_row column_structure=\u00a0\u00bb1_2,1_2&Prime; _builder_version=\u00a0\u00bb4.21.0&Prime; _module_preset=\u00a0\u00bbdefault\u00a0\u00bb background_color=\u00a0\u00bb#ffffff\u00a0\u00bb vertical_offset=\u00a0\u00bb300px\u00a0\u00bb width=\u00a0\u00bb100%\u00a0\u00bb custom_margin=\u00a0\u00bb|auto|-11px|auto|false|false\u00a0\u00bb custom_padding=\u00a0\u00bb50px|50px|17px|50px|false|false\u00a0\u00bb global_colors_info=\u00a0\u00bb{}\u00a0\u00bb][et_pb_column type=\u00a0\u00bb1_2&Prime; _builder_version=\u00a0\u00bb4.20.4&Prime; _module_preset=\u00a0\u00bbdefault\u00a0\u00bb global_colors_info=\u00a0\u00bb{}\u00a0\u00bb][et_pb_text _builder_version=\u00a0\u00bb4.21.0&Prime; _module_preset=\u00a0\u00bbdefault\u00a0\u00bb text_font=\u00a0\u00bbCtgroup Regular||||||||\u00a0\u00bb background_color=\u00a0\u00bbRGBA(255,255,255,0)\u00a0\u00bb global_colors_info=\u00a0\u00bb{}\u00a0\u00bb]<\/p>\n<p class=\"p1\"><strong>En un mercado industrial en constante cambio y evoluci\u00f3n, es imprescindible contar con soluciones de ingenier\u00eda inteligentes<\/strong> que satisfagan las necesidades de los clientes que buscan productos y gestionar activos de alta calidad y sostenibles. Por este motivo, <strong>ofrecemos servicios de ingenier\u00eda personalizados que se adaptan a las necesidades espec\u00edficas de cada cliente.<\/strong><\/p>\n<p>[\/et_pb_text][et_pb_text _builder_version=\u00a0\u00bb4.23.1&Prime; _module_preset=\u00a0\u00bbdefault\u00a0\u00bb text_font=\u00a0\u00bbCTgroup Bold||||||||\u00a0\u00bb text_text_color=\u00a0\u00bb#ffffff\u00a0\u00bb text_font_size=\u00a0\u00bb40px\u00a0\u00bb positioning=\u00a0\u00bbabsolute\u00a0\u00bb width=\u00a0\u00bb100%\u00a0\u00bb custom_margin=\u00a0\u00bb-200px||||false|false\u00a0\u00bb global_colors_info=\u00a0\u00bb{}\u00a0\u00bb]<\/p>\n<h1>Ingenier\u00eda y colaboraci\u00f3n<\/h1>\n<p>[\/et_pb_text][\/et_pb_column][et_pb_column type=\u00a0\u00bb1_2&Prime; _builder_version=\u00a0\u00bb4.20.4&Prime; _module_preset=\u00a0\u00bbdefault\u00a0\u00bb global_colors_info=\u00a0\u00bb{}\u00a0\u00bb][et_pb_text _builder_version=\u00a0\u00bb4.21.0&Prime; _module_preset=\u00a0\u00bbdefault\u00a0\u00bb text_font=\u00a0\u00bbCtgroup Regular||||||||\u00a0\u00bb background_color=\u00a0\u00bbRGBA(255,255,255,0)\u00a0\u00bb custom_margin=\u00a0\u00bb||||false|false\u00a0\u00bb global_colors_info=\u00a0\u00bb{}\u00a0\u00bb]<\/p>\n<p class=\"p1\"><strong>Con m\u00e1s de 35 a\u00f1os de experiencia y un equipo de m\u00e1s de 1800 ingenieros altamente capacitados, somos capaces de crear y aplicar soluciones integradas que generan resultados positivos.<\/strong> Nuestra orientaci\u00f3n hacia la innovaci\u00f3n nos convierte en el socio ideal para aquellas empresas que buscan mantenerse a la vanguardia en una industria en constante cambio.<\/p>\n<p>[\/et_pb_text][\/et_pb_column][\/et_pb_row][\/et_pb_section][et_pb_section fb_built=\u00a0\u00bb1&Prime; module_class=\u00a0\u00bbplmtabs\u00a0\u00bb _builder_version=\u00a0\u00bb4.23.1&Prime; _module_preset=\u00a0\u00bbdefault\u00a0\u00bb custom_margin_tablet=\u00a0\u00bb\u00a0\u00bb custom_margin_phone=\u00a0\u00bb700px||||false|false\u00a0\u00bb custom_margin_last_edited=\u00a0\u00bbon|phone\u00a0\u00bb hover_enabled=\u00a0\u00bb0&Prime; global_colors_info=\u00a0\u00bb{}\u00a0\u00bb sticky_enabled=\u00a0\u00bb0&Prime;][et_pb_row _builder_version=\u00a0\u00bb4.21.0&Prime; _module_preset=\u00a0\u00bbdefault\u00a0\u00bb global_colors_info=\u00a0\u00bb{}\u00a0\u00bb][et_pb_column type=\u00a0\u00bb4_4&Prime; _builder_version=\u00a0\u00bb4.21.0&Prime; _module_preset=\u00a0\u00bbdefault\u00a0\u00bb global_colors_info=\u00a0\u00bb{}\u00a0\u00bb][et_pb_text _builder_version=\u00a0\u00bb4.21.0&Prime; _module_preset=\u00a0\u00bbdefault\u00a0\u00bb text_font=\u00a0\u00bbCTgroup Bold||||||||\u00a0\u00bb text_text_color=\u00a0\u00bb#012d9a\u00a0\u00bb text_font_size=\u00a0\u00bb36px\u00a0\u00bb global_colors_info=\u00a0\u00bb{}\u00a0\u00bb]<\/p>\n<h2>Nuestros Servicios<\/h2>\n<p>[\/et_pb_text][\/et_pb_column][\/et_pb_row][et_pb_row column_structure=\u00a0\u00bb1_2,1_2&Prime; _builder_version=\u00a0\u00bb4.21.0&Prime; _module_preset=\u00a0\u00bbdefault\u00a0\u00bb custom_padding=\u00a0\u00bb26px|||||\u00a0\u00bb global_colors_info=\u00a0\u00bb{}\u00a0\u00bb][et_pb_column type=\u00a0\u00bb1_2&Prime; _builder_version=\u00a0\u00bb4.21.0&Prime; _module_preset=\u00a0\u00bbdefault\u00a0\u00bb global_colors_info=\u00a0\u00bb{}\u00a0\u00bb][et_pb_image src=\u00a0\u00bbhttps:\/\/www.ctsolutions.es\/wp-content\/uploads\/2023\/05\/ingenieria-y-colab_nuestros-servicios-scaled.jpg\u00a0\u00bb title_text=\u00a0\u00bbA group of multinational busy people working in the office.\u00a0\u00bb _builder_version=\u00a0\u00bb4.21.0&Prime; _module_preset=\u00a0\u00bbdefault\u00a0\u00bb custom_margin=\u00a0\u00bb-9px|||||\u00a0\u00bb custom_padding=\u00a0\u00bb0px|||||\u00a0\u00bb global_colors_info=\u00a0\u00bb{}\u00a0\u00bb][\/et_pb_image][\/et_pb_column][et_pb_column type=\u00a0\u00bb1_2&Prime; _builder_version=\u00a0\u00bb4.21.0&Prime; _module_preset=\u00a0\u00bbdefault\u00a0\u00bb global_colors_info=\u00a0\u00bb{}\u00a0\u00bb][et_pb_text _builder_version=\u00a0\u00bb4.21.0&Prime; _module_preset=\u00a0\u00bbdefault\u00a0\u00bb global_colors_info=\u00a0\u00bb{}\u00a0\u00bb]<\/p>\n<p>En CT Solutions ofrecemos una amplia gama de servicios de ingenier\u00eda que cubren todas las etapas del ciclo de vida del producto y del activo. Desde la conceptualizaci\u00f3n hasta el desarrollo<strong>.<\/strong><\/p>\n<p><strong> Contamos con un profundo conocimiento y experiencia en procesos de fabricaci\u00f3n<\/strong>, lo que nos permite utilizar herramientas de ingenier\u00eda de \u00faltima generaci\u00f3n y establecer planes de mantenimiento y planificar pruebas de productos. Adem\u00e1s, brindamos apoyo en la puesta en marcha y ejecuci\u00f3n de productos, sistemas y plantas.<\/p>\n<p><strong>En CT Solutions podemos asesorar y apoyar a su empresa en todas las actividades de ingenier\u00eda para garantizar el \u00e9xito de su proyecto.<\/strong><\/p>\n<p>[\/et_pb_text][\/et_pb_column][\/et_pb_row][\/et_pb_section][et_pb_section fb_built=\u00a0\u00bb1&Prime; _builder_version=\u00a0\u00bb4.21.0&Prime; _module_preset=\u00a0\u00bbdefault\u00a0\u00bb global_colors_info=\u00a0\u00bb{}\u00a0\u00bb][et_pb_row _builder_version=\u00a0\u00bb4.18.0&Prime; _module_preset=\u00a0\u00bbdefault\u00a0\u00bb locked=\u00a0\u00bboff\u00a0\u00bb global_colors_info=\u00a0\u00bb{}\u00a0\u00bb][et_pb_column type=\u00a0\u00bb4_4&Prime; _builder_version=\u00a0\u00bb4.18.0&Prime; _module_preset=\u00a0\u00bbdefault\u00a0\u00bb global_colors_info=\u00a0\u00bb{}\u00a0\u00bb][et_pb_text _builder_version=\u00a0\u00bb4.21.0&Prime; _module_preset=\u00a0\u00bbdefault\u00a0\u00bb text_font=\u00a0\u00bbCtgroup Regular||||||||\u00a0\u00bb text_text_color=\u00a0\u00bb#012d9a\u00a0\u00bb text_font_size=\u00a0\u00bb36px\u00a0\u00bb global_colors_info=\u00a0\u00bb{}\u00a0\u00bb]<\/p>\n<h2>Nuestra garant\u00eda de calidad<\/h2>\n<p>[\/et_pb_text][\/et_pb_column][\/et_pb_row][et_pb_row column_structure=\u00a0\u00bb1_2,1_2&Prime; custom_padding_last_edited=\u00a0\u00bbon|tablet\u00a0\u00bb _builder_version=\u00a0\u00bb4.19.0&Prime; _module_preset=\u00a0\u00bbdefault\u00a0\u00bb custom_padding_tablet=\u00a0\u00bb||0px||false|false\u00a0\u00bb custom_padding_phone=\u00a0\u00bb\u00a0\u00bb global_colors_info=\u00a0\u00bb{}\u00a0\u00bb][et_pb_column type=\u00a0\u00bb1_2&Prime; _builder_version=\u00a0\u00bb4.19.0&Prime; _module_preset=\u00a0\u00bbdefault\u00a0\u00bb global_colors_info=\u00a0\u00bb{}\u00a0\u00bb][et_pb_blurb title=\u00a0\u00bbM\u00e1s de 35 a\u00f1os de experiencia\u00a0\u00bb image=\u00a0\u00bbhttps:\/\/www.ctsolutions.es\/wp-content\/uploads\/2023\/05\/sello-garantia-01.png\u00a0\u00bb _builder_version=\u00a0\u00bb4.21.0&Prime; _module_preset=\u00a0\u00bb9204c1e7-f2ca-47f4-b891-4b98bc57f42c\u00a0\u00bb header_font=\u00a0\u00bbCtgroup Regular|700|||||||\u00a0\u00bb body_font=\u00a0\u00bbCtgroup Regular||||||||\u00a0\u00bb body_line_height=\u00a0\u00bb1.4em\u00a0\u00bb locked=\u00a0\u00bboff\u00a0\u00bb global_colors_info=\u00a0\u00bb{}\u00a0\u00bb]<\/p>\n<p class=\"p1\">Especialistas en servicios relacionados con la consultor\u00eda, implementaci\u00f3n, formaci\u00f3n, y colaboraci\u00f3n en proyectos de ingenier\u00eda.<\/p>\n<p>[\/et_pb_blurb][\/et_pb_column][et_pb_column type=\u00a0\u00bb1_2&Prime; _builder_version=\u00a0\u00bb4.19.0&Prime; _module_preset=\u00a0\u00bbdefault\u00a0\u00bb global_colors_info=\u00a0\u00bb{}\u00a0\u00bb][et_pb_blurb title=\u00a0\u00bbPLM y digitalizaci\u00f3n.\u00a0\u00bb image=\u00a0\u00bbhttps:\/\/www.ctsolutions.es\/wp-content\/uploads\/2023\/05\/sello-garantia-02.png\u00a0\u00bb _builder_version=\u00a0\u00bb4.21.0&Prime; _module_preset=\u00a0\u00bb9204c1e7-f2ca-47f4-b891-4b98bc57f42c\u00a0\u00bb header_font=\u00a0\u00bbCtgroup Regular|700|||||||\u00a0\u00bb body_font=\u00a0\u00bbCtgroup Regular||||||||\u00a0\u00bb body_line_height=\u00a0\u00bb1.4em\u00a0\u00bb locked=\u00a0\u00bboff\u00a0\u00bb global_colors_info=\u00a0\u00bb{}\u00a0\u00bb]<\/p>\n<p class=\"p1\">Expertos en tecnolog\u00edas relacionadas con todo el ciclo de vida de productos y activos.<\/p>\n<p>[\/et_pb_blurb][\/et_pb_column][\/et_pb_row][et_pb_row column_structure=\u00a0\u00bb1_2,1_2&Prime; custom_padding_last_edited=\u00a0\u00bbon|tablet\u00a0\u00bb _builder_version=\u00a0\u00bb4.19.0&Prime; _module_preset=\u00a0\u00bbdefault\u00a0\u00bb custom_padding_tablet=\u00a0\u00bb||0px||false|false\u00a0\u00bb custom_padding_phone=\u00a0\u00bb\u00a0\u00bb global_colors_info=\u00a0\u00bb{}\u00a0\u00bb][et_pb_column type=\u00a0\u00bb1_2&Prime; _builder_version=\u00a0\u00bb4.19.0&Prime; _module_preset=\u00a0\u00bbdefault\u00a0\u00bb global_colors_info=\u00a0\u00bb{}\u00a0\u00bb][et_pb_blurb title=\u00a0\u00bbServicios \u00e1giles y personalizados\u00a0\u00bb image=\u00a0\u00bbhttps:\/\/www.ctsolutions.es\/wp-content\/uploads\/2023\/05\/sello-garantia-03.png\u00a0\u00bb _builder_version=\u00a0\u00bb4.21.0&Prime; _module_preset=\u00a0\u00bb9204c1e7-f2ca-47f4-b891-4b98bc57f42c\u00a0\u00bb header_font=\u00a0\u00bbCtgroup Regular|700|||||||\u00a0\u00bb body_font=\u00a0\u00bbCtgroup Regular||||||||\u00a0\u00bb body_line_height=\u00a0\u00bb1.4em\u00a0\u00bb locked=\u00a0\u00bboff\u00a0\u00bb global_colors_info=\u00a0\u00bb{}\u00a0\u00bb]<\/p>\n<p class=\"p1\">Siempre comprometidos en entender y adaptarnos a las necesidades de nuestros clientes, contamos con modelos de soporte personalizados para cada uno.<\/p>\n<p>[\/et_pb_blurb][\/et_pb_column][et_pb_column type=\u00a0\u00bb1_2&Prime; _builder_version=\u00a0\u00bb4.19.0&Prime; _module_preset=\u00a0\u00bbdefault\u00a0\u00bb global_colors_info=\u00a0\u00bb{}\u00a0\u00bb][et_pb_blurb title=\u00a0\u00bbL\u00edderes en innovaci\u00f3n tecnol\u00f3gica\u00a0\u00bb image=\u00a0\u00bbhttps:\/\/www.ctsolutions.es\/wp-content\/uploads\/2023\/05\/sello-garantia-04.png\u00a0\u00bb _builder_version=\u00a0\u00bb4.21.0&Prime; _module_preset=\u00a0\u00bb9204c1e7-f2ca-47f4-b891-4b98bc57f42c\u00a0\u00bb header_font=\u00a0\u00bbCtgroup Regular|700|||||||\u00a0\u00bb body_font=\u00a0\u00bbCtgroup Regular||||||||\u00a0\u00bb body_line_height=\u00a0\u00bb1.4em\u00a0\u00bb locked=\u00a0\u00bboff\u00a0\u00bb global_colors_info=\u00a0\u00bb{}\u00a0\u00bb]<\/p>\n<p class=\"p1\">Equipo de servicios multidisciplinario y multi-proveedor con amplia experiencia en todos los procesos industriales.<\/p>\n<p>[\/et_pb_blurb][\/et_pb_column][\/et_pb_row][et_pb_row column_structure=\u00a0\u00bb1_2,1_2&Prime; custom_padding_last_edited=\u00a0\u00bbon|tablet\u00a0\u00bb _builder_version=\u00a0\u00bb4.19.0&Prime; _module_preset=\u00a0\u00bbdefault\u00a0\u00bb custom_padding_tablet=\u00a0\u00bb||0px||false|false\u00a0\u00bb custom_padding_phone=\u00a0\u00bb\u00a0\u00bb global_colors_info=\u00a0\u00bb{}\u00a0\u00bb][et_pb_column type=\u00a0\u00bb1_2&Prime; _builder_version=\u00a0\u00bb4.19.0&Prime; _module_preset=\u00a0\u00bbdefault\u00a0\u00bb global_colors_info=\u00a0\u00bb{}\u00a0\u00bb][et_pb_blurb title=\u00a0\u00bbApasionados por la tecnolog\u00eda\u00a0\u00bb image=\u00a0\u00bbhttps:\/\/www.ctsolutions.es\/wp-content\/uploads\/2023\/05\/sello-garantia-05.png\u00a0\u00bb _builder_version=\u00a0\u00bb4.21.0&Prime; _module_preset=\u00a0\u00bb9204c1e7-f2ca-47f4-b891-4b98bc57f42c\u00a0\u00bb header_font=\u00a0\u00bbCtgroup Regular|700|||||||\u00a0\u00bb body_font=\u00a0\u00bbCtgroup Regular||||||||\u00a0\u00bb body_line_height=\u00a0\u00bb1.4em\u00a0\u00bb locked=\u00a0\u00bboff\u00a0\u00bb global_colors_info=\u00a0\u00bb{}\u00a0\u00bb]<\/p>\n<p class=\"p1\">Como parte de <strong>CT<\/strong>, contamos con todo el conocimiento del uso productivo de las herramientas.<\/p>\n<p>[\/et_pb_blurb][\/et_pb_column][et_pb_column type=\u00a0\u00bb1_2&Prime; _builder_version=\u00a0\u00bb4.19.0&Prime; _module_preset=\u00a0\u00bbdefault\u00a0\u00bb global_colors_info=\u00a0\u00bb{}\u00a0\u00bb][et_pb_blurb title=\u00a0\u00bbService Level Agreement (SLAs)\u00a0\u00bb image=\u00a0\u00bbhttps:\/\/www.ctsolutions.es\/wp-content\/uploads\/2023\/05\/sello-garantia-06.png\u00a0\u00bb _builder_version=\u00a0\u00bb4.21.0&Prime; _module_preset=\u00a0\u00bb9204c1e7-f2ca-47f4-b891-4b98bc57f42c\u00a0\u00bb header_font=\u00a0\u00bbCtgroup Regular|700|||||||\u00a0\u00bb body_font=\u00a0\u00bbCtgroup Regular||||||||\u00a0\u00bb body_line_height=\u00a0\u00bb1.4em\u00a0\u00bb locked=\u00a0\u00bboff\u00a0\u00bb global_colors_info=\u00a0\u00bb{}\u00a0\u00bb]<\/p>\n<p class=\"p1\">Servicio de soporte avanzado con atenci\u00f3n 5&#215;8 y primera respuesta en 4 horas.<\/p>\n<p>[\/et_pb_blurb][\/et_pb_column][\/et_pb_row][\/et_pb_section]<\/p>\n","protected":false},"excerpt":{"rendered":"<p>En un mercado industrial en constante cambio y evoluci\u00f3n, es imprescindible contar con soluciones de ingenier\u00eda inteligentes que satisfagan las necesidades de los clientes que buscan productos y gestionar activos de alta calidad y sostenibles. Por este motivo, ofrecemos servicios de ingenier\u00eda personalizados que se adaptan a las necesidades espec\u00edficas de cada cliente.Ingenier\u00eda y colaboraci\u00f3nCon m\u00e1s de 35 a\u00f1os de experiencia y un equipo de m\u00e1s de 1800 ingenieros altamente capacitados, somos capaces de crear y aplicar soluciones integradas que generan resultados positivos. Nuestra orientaci\u00f3n hacia la innovaci\u00f3n nos convierte en el socio ideal para aquellas empresas que buscan mantenerse a la vanguardia en una industria en constante cambio.Nuestros ServiciosEn CT Solutions ofrecemos una amplia gama de servicios de ingenier\u00eda que cubren todas las etapas del ciclo de vida del producto y del activo. Desde la conceptualizaci\u00f3n hasta el desarrollo. Contamos con un profundo conocimiento y experiencia en procesos de fabricaci\u00f3n, lo que nos permite utilizar herramientas de ingenier\u00eda de \u00faltima generaci\u00f3n y establecer planes de mantenimiento y planificar pruebas de productos. Adem\u00e1s, brindamos apoyo en la puesta en marcha y ejecuci\u00f3n de productos, sistemas y plantas. En CT Solutions podemos asesorar y apoyar a su empresa en todas las [&hellip;]<\/p>\n","protected":false},"author":1,"featured_media":0,"parent":0,"menu_order":0,"comment_status":"closed","ping_status":"closed","template":"","meta":{"_et_pb_use_builder":"on","_et_pb_old_content":"","_et_gb_content_width":"","footnotes":""},"class_list":["post-251220","page","type-page","status-publish","hentry"],"yoast_head":"<!-- This site is optimized with the Yoast SEO plugin v27.3 - https:\/\/yoast.com\/product\/yoast-seo-wordpress\/ -->\r\n<title>Ingenier\u00eda y colaboraci\u00f3n - CT Solutions<\/title>\r\n<meta name=\"robots\" content=\"index, follow, max-snippet:-1, max-image-preview:large, max-video-preview:-1\" \/>\r\n<link rel=\"canonical\" href=\"https:\/\/www.ctsolutions.es\/fr\/ingenieria-y-colaboracion\/\" \/>\r\n<meta property=\"og:locale\" content=\"fr_FR\" \/>\r\n<meta property=\"og:type\" content=\"article\" \/>\r\n<meta property=\"og:title\" content=\"Ingenier\u00eda y colaboraci\u00f3n - CT Solutions\" \/>\r\n<meta property=\"og:description\" content=\"En un mercado industrial en constante cambio y evoluci\u00f3n, es imprescindible contar con soluciones de ingenier\u00eda inteligentes que satisfagan las necesidades de los clientes que buscan productos y gestionar activos de alta calidad y sostenibles. Por este motivo, ofrecemos servicios de ingenier\u00eda personalizados que se adaptan a las necesidades espec\u00edficas de cada cliente.Ingenier\u00eda y colaboraci\u00f3nCon m\u00e1s de 35 a\u00f1os de experiencia y un equipo de m\u00e1s de 1800 ingenieros altamente capacitados, somos capaces de crear y aplicar soluciones integradas que generan resultados positivos. Nuestra orientaci\u00f3n hacia la innovaci\u00f3n nos convierte en el socio ideal para aquellas empresas que buscan mantenerse a la vanguardia en una industria en constante cambio.Nuestros ServiciosEn CT Solutions ofrecemos una amplia gama de servicios de ingenier\u00eda que cubren todas las etapas del ciclo de vida del producto y del activo. Desde la conceptualizaci\u00f3n hasta el desarrollo. Contamos con un profundo conocimiento y experiencia en procesos de fabricaci\u00f3n, lo que nos permite utilizar herramientas de ingenier\u00eda de \u00faltima generaci\u00f3n y establecer planes de mantenimiento y planificar pruebas de productos. Adem\u00e1s, brindamos apoyo en la puesta en marcha y ejecuci\u00f3n de productos, sistemas y plantas. En CT Solutions podemos asesorar y apoyar a su empresa en todas las [&hellip;]\" \/>\r\n<meta property=\"og:url\" content=\"https:\/\/www.ctsolutions.es\/fr\/ingenieria-y-colaboracion\/\" \/>\r\n<meta property=\"og:site_name\" content=\"CT Solutions\" \/>\r\n<meta property=\"article:modified_time\" content=\"2025-03-21T07:50:35+00:00\" \/>\r\n<meta name=\"twitter:card\" content=\"summary_large_image\" \/>\r\n<meta name=\"twitter:site\" content=\"@ctsolutionsg\" \/>\r\n<meta name=\"twitter:label1\" content=\"Dur\u00e9e de lecture estim\u00e9e\" \/>\n\t<meta name=\"twitter:data1\" content=\"3 minutes\" \/>\r\n<script type=\"application\/ld+json\" class=\"yoast-schema-graph\">{\"@context\":\"https:\\\/\\\/schema.org\",\"@graph\":[{\"@type\":\"WebPage\",\"@id\":\"https:\\\/\\\/www.ctsolutions.es\\\/fr\\\/ingenieria-y-colaboracion\\\/\",\"url\":\"https:\\\/\\\/www.ctsolutions.es\\\/fr\\\/ingenieria-y-colaboracion\\\/\",\"name\":\"Ingenier\u00eda y colaboraci\u00f3n - CT Solutions\",\"isPartOf\":{\"@id\":\"https:\\\/\\\/www.ctsolutions.es\\\/#website\"},\"datePublished\":\"2023-05-19T09:04:14+00:00\",\"dateModified\":\"2025-03-21T07:50:35+00:00\",\"breadcrumb\":{\"@id\":\"https:\\\/\\\/www.ctsolutions.es\\\/fr\\\/ingenieria-y-colaboracion\\\/#breadcrumb\"},\"inLanguage\":\"fr-FR\",\"potentialAction\":[{\"@type\":\"ReadAction\",\"target\":[\"https:\\\/\\\/www.ctsolutions.es\\\/fr\\\/ingenieria-y-colaboracion\\\/\"]}]},{\"@type\":\"BreadcrumbList\",\"@id\":\"https:\\\/\\\/www.ctsolutions.es\\\/fr\\\/ingenieria-y-colaboracion\\\/#breadcrumb\",\"itemListElement\":[{\"@type\":\"ListItem\",\"position\":1,\"name\":\"Portada\",\"item\":\"https:\\\/\\\/www.ctsolutions.es\\\/\"},{\"@type\":\"ListItem\",\"position\":2,\"name\":\"Ingenier\u00eda y colaboraci\u00f3n\"}]},{\"@type\":\"WebSite\",\"@id\":\"https:\\\/\\\/www.ctsolutions.es\\\/#website\",\"url\":\"https:\\\/\\\/www.ctsolutions.es\\\/\",\"name\":\"CT Solutions\",\"description\":\"M\u00e1s de 35 a\u00f1os ayudando a las empresas a ser m\u00e1s eficaces y competitivas\",\"publisher\":{\"@id\":\"https:\\\/\\\/www.ctsolutions.es\\\/#organization\"},\"potentialAction\":[{\"@type\":\"SearchAction\",\"target\":{\"@type\":\"EntryPoint\",\"urlTemplate\":\"https:\\\/\\\/www.ctsolutions.es\\\/?s={search_term_string}\"},\"query-input\":{\"@type\":\"PropertyValueSpecification\",\"valueRequired\":true,\"valueName\":\"search_term_string\"}}],\"inLanguage\":\"fr-FR\"},{\"@type\":\"Organization\",\"@id\":\"https:\\\/\\\/www.ctsolutions.es\\\/#organization\",\"name\":\"CT Solutions\",\"url\":\"https:\\\/\\\/www.ctsolutions.es\\\/\",\"logo\":{\"@type\":\"ImageObject\",\"inLanguage\":\"fr-FR\",\"@id\":\"https:\\\/\\\/www.ctsolutions.es\\\/#\\\/schema\\\/logo\\\/image\\\/\",\"url\":\"https:\\\/\\\/www.ctsolutions.es\\\/wp-content\\\/uploads\\\/2023\\\/06\\\/Logo-CT-Solutions-positive-version.png\",\"contentUrl\":\"https:\\\/\\\/www.ctsolutions.es\\\/wp-content\\\/uploads\\\/2023\\\/06\\\/Logo-CT-Solutions-positive-version.png\",\"width\":1160,\"height\":501,\"caption\":\"CT Solutions\"},\"image\":{\"@id\":\"https:\\\/\\\/www.ctsolutions.es\\\/#\\\/schema\\\/logo\\\/image\\\/\"},\"sameAs\":[\"https:\\\/\\\/x.com\\\/ctsolutionsg\"]}]}<\/script>\r\n<!-- \/ Yoast SEO plugin. -->","yoast_head_json":{"title":"Ingenier\u00eda y colaboraci\u00f3n - CT Solutions","robots":{"index":"index","follow":"follow","max-snippet":"max-snippet:-1","max-image-preview":"max-image-preview:large","max-video-preview":"max-video-preview:-1"},"canonical":"https:\/\/www.ctsolutions.es\/fr\/ingenieria-y-colaboracion\/","og_locale":"fr_FR","og_type":"article","og_title":"Ingenier\u00eda y colaboraci\u00f3n - CT Solutions","og_description":"En un mercado industrial en constante cambio y evoluci\u00f3n, es imprescindible contar con soluciones de ingenier\u00eda inteligentes que satisfagan las necesidades de los clientes que buscan productos y gestionar activos de alta calidad y sostenibles. Por este motivo, ofrecemos servicios de ingenier\u00eda personalizados que se adaptan a las necesidades espec\u00edficas de cada cliente.Ingenier\u00eda y colaboraci\u00f3nCon m\u00e1s de 35 a\u00f1os de experiencia y un equipo de m\u00e1s de 1800 ingenieros altamente capacitados, somos capaces de crear y aplicar soluciones integradas que generan resultados positivos. Nuestra orientaci\u00f3n hacia la innovaci\u00f3n nos convierte en el socio ideal para aquellas empresas que buscan mantenerse a la vanguardia en una industria en constante cambio.Nuestros ServiciosEn CT Solutions ofrecemos una amplia gama de servicios de ingenier\u00eda que cubren todas las etapas del ciclo de vida del producto y del activo. Desde la conceptualizaci\u00f3n hasta el desarrollo. Contamos con un profundo conocimiento y experiencia en procesos de fabricaci\u00f3n, lo que nos permite utilizar herramientas de ingenier\u00eda de \u00faltima generaci\u00f3n y establecer planes de mantenimiento y planificar pruebas de productos. Adem\u00e1s, brindamos apoyo en la puesta en marcha y ejecuci\u00f3n de productos, sistemas y plantas. En CT Solutions podemos asesorar y apoyar a su empresa en todas las [&hellip;]","og_url":"https:\/\/www.ctsolutions.es\/fr\/ingenieria-y-colaboracion\/","og_site_name":"CT Solutions","article_modified_time":"2025-03-21T07:50:35+00:00","twitter_card":"summary_large_image","twitter_site":"@ctsolutionsg","twitter_misc":{"Dur\u00e9e de lecture estim\u00e9e":"3 minutes"},"schema":{"@context":"https:\/\/schema.org","@graph":[{"@type":"WebPage","@id":"https:\/\/www.ctsolutions.es\/fr\/ingenieria-y-colaboracion\/","url":"https:\/\/www.ctsolutions.es\/fr\/ingenieria-y-colaboracion\/","name":"Ingenier\u00eda y colaboraci\u00f3n - CT Solutions","isPartOf":{"@id":"https:\/\/www.ctsolutions.es\/#website"},"datePublished":"2023-05-19T09:04:14+00:00","dateModified":"2025-03-21T07:50:35+00:00","breadcrumb":{"@id":"https:\/\/www.ctsolutions.es\/fr\/ingenieria-y-colaboracion\/#breadcrumb"},"inLanguage":"fr-FR","potentialAction":[{"@type":"ReadAction","target":["https:\/\/www.ctsolutions.es\/fr\/ingenieria-y-colaboracion\/"]}]},{"@type":"BreadcrumbList","@id":"https:\/\/www.ctsolutions.es\/fr\/ingenieria-y-colaboracion\/#breadcrumb","itemListElement":[{"@type":"ListItem","position":1,"name":"Portada","item":"https:\/\/www.ctsolutions.es\/"},{"@type":"ListItem","position":2,"name":"Ingenier\u00eda y colaboraci\u00f3n"}]},{"@type":"WebSite","@id":"https:\/\/www.ctsolutions.es\/#website","url":"https:\/\/www.ctsolutions.es\/","name":"CT Solutions","description":"M\u00e1s de 35 a\u00f1os ayudando a las empresas a ser m\u00e1s eficaces y competitivas","publisher":{"@id":"https:\/\/www.ctsolutions.es\/#organization"},"potentialAction":[{"@type":"SearchAction","target":{"@type":"EntryPoint","urlTemplate":"https:\/\/www.ctsolutions.es\/?s={search_term_string}"},"query-input":{"@type":"PropertyValueSpecification","valueRequired":true,"valueName":"search_term_string"}}],"inLanguage":"fr-FR"},{"@type":"Organization","@id":"https:\/\/www.ctsolutions.es\/#organization","name":"CT Solutions","url":"https:\/\/www.ctsolutions.es\/","logo":{"@type":"ImageObject","inLanguage":"fr-FR","@id":"https:\/\/www.ctsolutions.es\/#\/schema\/logo\/image\/","url":"https:\/\/www.ctsolutions.es\/wp-content\/uploads\/2023\/06\/Logo-CT-Solutions-positive-version.png","contentUrl":"https:\/\/www.ctsolutions.es\/wp-content\/uploads\/2023\/06\/Logo-CT-Solutions-positive-version.png","width":1160,"height":501,"caption":"CT Solutions"},"image":{"@id":"https:\/\/www.ctsolutions.es\/#\/schema\/logo\/image\/"},"sameAs":["https:\/\/x.com\/ctsolutionsg"]}]}},"_links":{"self":[{"href":"https:\/\/www.ctsolutions.es\/fr\/wp-json\/wp\/v2\/pages\/251220","targetHints":{"allow":["GET"]}}],"collection":[{"href":"https:\/\/www.ctsolutions.es\/fr\/wp-json\/wp\/v2\/pages"}],"about":[{"href":"https:\/\/www.ctsolutions.es\/fr\/wp-json\/wp\/v2\/types\/page"}],"author":[{"embeddable":true,"href":"https:\/\/www.ctsolutions.es\/fr\/wp-json\/wp\/v2\/users\/1"}],"replies":[{"embeddable":true,"href":"https:\/\/www.ctsolutions.es\/fr\/wp-json\/wp\/v2\/comments?post=251220"}],"version-history":[{"count":1,"href":"https:\/\/www.ctsolutions.es\/fr\/wp-json\/wp\/v2\/pages\/251220\/revisions"}],"predecessor-version":[{"id":251221,"href":"https:\/\/www.ctsolutions.es\/fr\/wp-json\/wp\/v2\/pages\/251220\/revisions\/251221"}],"wp:attachment":[{"href":"https:\/\/www.ctsolutions.es\/fr\/wp-json\/wp\/v2\/media?parent=251220"}],"curies":[{"name":"wp","href":"https:\/\/api.w.org\/{rel}","templated":true}]}}