{"id":250517,"date":"2023-05-19T09:56:13","date_gmt":"2023-05-19T09:56:13","guid":{"rendered":"https:\/\/www.ctsolutions.es\/siemens\/"},"modified":"2025-03-24T09:06:00","modified_gmt":"2025-03-24T09:06:00","slug":"siemens","status":"publish","type":"page","link":"https:\/\/www.ctsolutions.es\/en\/siemens\/","title":{"rendered":"Siemens"},"content":{"rendered":"<p>[et_pb_section fb_built=&#8221;1&#8243; _builder_version=&#8221;4.23.1&#8243; _module_preset=&#8221;default&#8221; background_color=&#8221;#f7f7f7&#8243; use_background_color_gradient=&#8221;on&#8221; background_color_gradient_stops=&#8221;#2b87da 50%|#f7f7f7 50%&#8221; background_image=&#8221;https:\/\/www.ctsolutions.es\/wp-content\/uploads\/2023\/06\/partners_siemens.jpg&#8221; height=&#8221;400px&#8221; custom_margin=&#8221;||300px||false|false&#8221; custom_padding=&#8221;||2px|||&#8221; global_colors_info=&#8221;{}&#8221;][et_pb_row column_structure=&#8221;1_2,1_2&#8243; _builder_version=&#8221;4.21.0&#8243; _module_preset=&#8221;default&#8221; background_color=&#8221;#ffffff&#8221; vertical_offset=&#8221;300px&#8221; width=&#8221;100%&#8221; custom_margin=&#8221;||||false|false&#8221; custom_padding=&#8221;50px|50px|37px|50px|false|false&#8221; global_colors_info=&#8221;{}&#8221;][et_pb_column type=&#8221;1_2&#8243; _builder_version=&#8221;4.20.4&#8243; _module_preset=&#8221;default&#8221; global_colors_info=&#8221;{}&#8221;][et_pb_text _builder_version=&#8221;4.23.1&#8243; _module_preset=&#8221;default&#8221; text_font=&#8221;CTgroup Bold||||||||&#8221; text_text_color=&#8221;#ffffff&#8221; text_font_size=&#8221;40px&#8221; positioning=&#8221;absolute&#8221; width=&#8221;100%&#8221; custom_margin=&#8221;-200px||||false|false&#8221; custom_margin_tablet=&#8221;-200px||||false|false&#8221; custom_margin_phone=&#8221;-243px||||false|false&#8221; custom_margin_last_edited=&#8221;on|phone&#8221; hover_enabled=&#8221;0&#8243; global_colors_info=&#8221;{}&#8221; sticky_enabled=&#8221;0&#8243;]<\/p>\n<h1>Siemens<\/h1>\n<p>[\/et_pb_text][et_pb_text _builder_version=&#8221;4.21.0&#8243; _module_preset=&#8221;default&#8221; text_font=&#8221;Ctgroup Regular||||||||&#8221; background_color=&#8221;RGBA(255,255,255,0)&#8221; global_colors_info=&#8221;{}&#8221;]<\/p>\n<p class=\"p1\">Siemens Digital Industries Software is an American computer software company that focuses on product lifecycle management (PLM) software solutions.<\/p>\n<p class=\"p1\"><strong>Siemens Digital Industries Software is transforming design, manufacturing, and engineering into the digital enterprises of the future.<\/strong> Its solutions assist businesses of all sizes in developing and leveraging their digital twins, <strong>providing organizations with new insights, opportunities, and levels of automation to drive innovation.<span class=\"Apple-converted-space\"> <\/span><\/strong><\/p>\n<p>[\/et_pb_text][\/et_pb_column][et_pb_column type=&#8221;1_2&#8243; _builder_version=&#8221;4.20.4&#8243; _module_preset=&#8221;default&#8221; global_colors_info=&#8221;{}&#8221;][et_pb_text _builder_version=&#8221;4.23.1&#8243; _module_preset=&#8221;default&#8221; text_font=&#8221;Ctgroup Regular||||||||&#8221; background_color=&#8221;RGBA(255,255,255,0)&#8221; custom_margin=&#8221;1px||||false|false&#8221; custom_margin_tablet=&#8221;140px||||false|false&#8221; custom_margin_phone=&#8221;0px||||false|false&#8221; custom_margin_last_edited=&#8221;on|phone&#8221; global_colors_info=&#8221;{}&#8221;]<\/p>\n<p class=\"p1\">Siemens Digital Industries Software solutions include product lines such as<span class=\"Apple-converted-space\"> <\/span><strong>NX<\/strong>, a commercial CAD\/CAM\/CAE software suite; <strong>Teamcenter<\/strong>, an integrated PLM suite with collaboration tools; and <strong>Tecnomatix<\/strong>, a manufacturing and factory planning suite. In addition to an application for measuring or testing noise, vibration, and durability <strong>(Simcenter Testing Solutions<\/strong>), there are several other solutions.<\/p>\n<p class=\"p3\">Learn more about Siemens Digital Industries Software: <a href=\"http:\/\/sw.siemens.com\" target=\"_blank\" rel=\"noopener\"><span class=\"s1\">http:\/\/sw.siemens.com<\/span><\/a><\/p>\n<p>[\/et_pb_text][\/et_pb_column][\/et_pb_row][\/et_pb_section][et_pb_section fb_built=&#8221;1&#8243; _builder_version=&#8221;4.23.1&#8243; _module_preset=&#8221;default&#8221; background_enable_color=&#8221;off&#8221; min_height=&#8221;399.9px&#8221; custom_margin=&#8221;409px||||false|false&#8221; custom_margin_tablet=&#8221;700px||||false|false&#8221; custom_margin_phone=&#8221;1016px||||false|false&#8221; custom_margin_last_edited=&#8221;on|tablet&#8221; custom_padding=&#8221;15px||||false|false&#8221; global_colors_info=&#8221;{}&#8221;][et_pb_row _builder_version=&#8221;4.23.1&#8243; _module_preset=&#8221;default&#8221; min_height=&#8221;249.9px&#8221; custom_margin_tablet=&#8221;&#8221; custom_margin_phone=&#8221;5px||||false|false&#8221; custom_margin_last_edited=&#8221;on|phone&#8221; custom_padding=&#8221;30px||22px|||&#8221; global_colors_info=&#8221;{}&#8221; width=&#8221;79.9%&#8221; custom_margin=&#8221;10px|auto||auto||&#8221;][et_pb_column type=&#8221;4_4&#8243; _builder_version=&#8221;4.21.0&#8243; _module_preset=&#8221;default&#8221; global_colors_info=&#8221;{}&#8221;][et_pb_text _builder_version=&#8221;4.23.1&#8243; _module_preset=&#8221;default&#8221; hover_enabled=&#8221;0&#8243; sticky_enabled=&#8221;0&#8243;]<\/p>\n<h2 style=\"font-size: 21px; text-align: center;\">Avantek is an Expert Partner of <span class=\"s1\">Siemens Digital Industries Software in Spain and Portugal.<\/span><span class=\"s2\"><\/span><\/h2>\n<p>[\/et_pb_text][et_pb_image src=&#8221;https:\/\/www.ctsolutions.es\/wp-content\/uploads\/2023\/05\/siemenspart.jpg&#8221; title_text=&#8221;siemenspart&#8221; align=&#8221;center&#8221; _builder_version=&#8221;4.21.0&#8243; _module_preset=&#8221;default&#8221; custom_padding=&#8221;0px|||||&#8221; global_colors_info=&#8221;{}&#8221;][\/et_pb_image][et_pb_text _builder_version=&#8221;4.21.0&#8243; _module_preset=&#8221;default&#8221; text_font=&#8221;Ctgroup Regular||||||||&#8221; text_orientation=&#8221;center&#8221; global_colors_info=&#8221;{}&#8221;]<\/p>\n<p class=\"p1\">More information on Avantek: <a href=\"http:\/\/www.avantek.es\" target=\"_blank\" rel=\"noopener\">www.avantek.es<\/a><\/p>\n<p>[\/et_pb_text][\/et_pb_column][\/et_pb_row][\/et_pb_section]<\/p>\n","protected":false},"excerpt":{"rendered":"<p>SiemensSiemens Digital Industries Software is an American computer software company that focuses on product lifecycle management (PLM) software solutions. Siemens Digital Industries Software is transforming design, manufacturing, and engineering into the digital enterprises of the future. Its solutions assist businesses of all sizes in developing and leveraging their digital twins, providing organizations with new insights, opportunities, and levels of automation to drive innovation. Siemens Digital Industries Software solutions include product lines such as NX, a commercial CAD\/CAM\/CAE software suite; Teamcenter, an integrated PLM suite with collaboration tools; and Tecnomatix, a manufacturing and factory planning suite. In addition to an application for measuring or testing noise, vibration, and durability (Simcenter Testing Solutions), there are several other solutions. Learn more about Siemens Digital Industries Software: http:\/\/sw.siemens.comAvantek is an Expert Partner of Siemens Digital Industries Software in Spain and Portugal.More information on Avantek: www.avantek.es<\/p>\n","protected":false},"author":1,"featured_media":0,"parent":0,"menu_order":0,"comment_status":"closed","ping_status":"closed","template":"","meta":{"_et_pb_use_builder":"on","_et_pb_old_content":"","_et_gb_content_width":"","footnotes":""},"class_list":["post-250517","page","type-page","status-publish","hentry"],"yoast_head":"<!-- This site is optimized with the Yoast SEO plugin v27.3 - https:\/\/yoast.com\/product\/yoast-seo-wordpress\/ -->\r\n<title>Siemens - CT Solutions<\/title>\r\n<meta name=\"robots\" content=\"index, follow, max-snippet:-1, max-image-preview:large, max-video-preview:-1\" \/>\r\n<link rel=\"canonical\" href=\"https:\/\/www.ctsolutions.es\/en\/siemens\/\" \/>\r\n<meta property=\"og:locale\" content=\"en_US\" \/>\r\n<meta property=\"og:type\" content=\"article\" \/>\r\n<meta property=\"og:title\" content=\"Siemens - CT Solutions\" \/>\r\n<meta property=\"og:description\" content=\"SiemensSiemens Digital Industries Software is an American computer software company that focuses on product lifecycle management (PLM) software solutions. Siemens Digital Industries Software is transforming design, manufacturing, and engineering into the digital enterprises of the future. Its solutions assist businesses of all sizes in developing and leveraging their digital twins, providing organizations with new insights, opportunities, and levels of automation to drive innovation. Siemens Digital Industries Software solutions include product lines such as NX, a commercial CAD\/CAM\/CAE software suite; Teamcenter, an integrated PLM suite with collaboration tools; and Tecnomatix, a manufacturing and factory planning suite. In addition to an application for measuring or testing noise, vibration, and durability (Simcenter Testing Solutions), there are several other solutions. Learn more about Siemens Digital Industries Software: http:\/\/sw.siemens.comAvantek is an Expert Partner of Siemens Digital Industries Software in Spain and Portugal.More information on Avantek: www.avantek.es\" \/>\r\n<meta property=\"og:url\" content=\"https:\/\/www.ctsolutions.es\/en\/siemens\/\" \/>\r\n<meta property=\"og:site_name\" content=\"CT Solutions\" \/>\r\n<meta property=\"article:modified_time\" content=\"2025-03-24T09:06:00+00:00\" \/>\r\n<meta name=\"twitter:card\" content=\"summary_large_image\" \/>\r\n<meta name=\"twitter:site\" content=\"@ctsolutionsg\" \/>\r\n<meta name=\"twitter:label1\" content=\"Est. reading time\" \/>\n\t<meta name=\"twitter:data1\" content=\"3 minutes\" \/>\r\n<script type=\"application\/ld+json\" class=\"yoast-schema-graph\">{\"@context\":\"https:\\\/\\\/schema.org\",\"@graph\":[{\"@type\":\"WebPage\",\"@id\":\"https:\\\/\\\/www.ctsolutions.es\\\/en\\\/siemens\\\/\",\"url\":\"https:\\\/\\\/www.ctsolutions.es\\\/en\\\/siemens\\\/\",\"name\":\"Siemens - CT Solutions\",\"isPartOf\":{\"@id\":\"https:\\\/\\\/www.ctsolutions.es\\\/#website\"},\"datePublished\":\"2023-05-19T09:56:13+00:00\",\"dateModified\":\"2025-03-24T09:06:00+00:00\",\"breadcrumb\":{\"@id\":\"https:\\\/\\\/www.ctsolutions.es\\\/en\\\/siemens\\\/#breadcrumb\"},\"inLanguage\":\"en-US\",\"potentialAction\":[{\"@type\":\"ReadAction\",\"target\":[\"https:\\\/\\\/www.ctsolutions.es\\\/en\\\/siemens\\\/\"]}]},{\"@type\":\"BreadcrumbList\",\"@id\":\"https:\\\/\\\/www.ctsolutions.es\\\/en\\\/siemens\\\/#breadcrumb\",\"itemListElement\":[{\"@type\":\"ListItem\",\"position\":1,\"name\":\"Portada\",\"item\":\"https:\\\/\\\/www.ctsolutions.es\\\/en\\\/home\\\/\"},{\"@type\":\"ListItem\",\"position\":2,\"name\":\"Siemens\"}]},{\"@type\":\"WebSite\",\"@id\":\"https:\\\/\\\/www.ctsolutions.es\\\/#website\",\"url\":\"https:\\\/\\\/www.ctsolutions.es\\\/\",\"name\":\"CT Solutions\",\"description\":\"M\u00e1s de 35 a\u00f1os ayudando a las empresas a ser m\u00e1s eficaces y competitivas\",\"publisher\":{\"@id\":\"https:\\\/\\\/www.ctsolutions.es\\\/#organization\"},\"potentialAction\":[{\"@type\":\"SearchAction\",\"target\":{\"@type\":\"EntryPoint\",\"urlTemplate\":\"https:\\\/\\\/www.ctsolutions.es\\\/?s={search_term_string}\"},\"query-input\":{\"@type\":\"PropertyValueSpecification\",\"valueRequired\":true,\"valueName\":\"search_term_string\"}}],\"inLanguage\":\"en-US\"},{\"@type\":\"Organization\",\"@id\":\"https:\\\/\\\/www.ctsolutions.es\\\/#organization\",\"name\":\"CT Solutions\",\"url\":\"https:\\\/\\\/www.ctsolutions.es\\\/\",\"logo\":{\"@type\":\"ImageObject\",\"inLanguage\":\"en-US\",\"@id\":\"https:\\\/\\\/www.ctsolutions.es\\\/#\\\/schema\\\/logo\\\/image\\\/\",\"url\":\"https:\\\/\\\/www.ctsolutions.es\\\/wp-content\\\/uploads\\\/2023\\\/06\\\/Logo-CT-Solutions-positive-version.png\",\"contentUrl\":\"https:\\\/\\\/www.ctsolutions.es\\\/wp-content\\\/uploads\\\/2023\\\/06\\\/Logo-CT-Solutions-positive-version.png\",\"width\":1160,\"height\":501,\"caption\":\"CT Solutions\"},\"image\":{\"@id\":\"https:\\\/\\\/www.ctsolutions.es\\\/#\\\/schema\\\/logo\\\/image\\\/\"},\"sameAs\":[\"https:\\\/\\\/x.com\\\/ctsolutionsg\"]}]}<\/script>\r\n<!-- \/ Yoast SEO plugin. -->","yoast_head_json":{"title":"Siemens - CT Solutions","robots":{"index":"index","follow":"follow","max-snippet":"max-snippet:-1","max-image-preview":"max-image-preview:large","max-video-preview":"max-video-preview:-1"},"canonical":"https:\/\/www.ctsolutions.es\/en\/siemens\/","og_locale":"en_US","og_type":"article","og_title":"Siemens - CT Solutions","og_description":"SiemensSiemens Digital Industries Software is an American computer software company that focuses on product lifecycle management (PLM) software solutions. Siemens Digital Industries Software is transforming design, manufacturing, and engineering into the digital enterprises of the future. Its solutions assist businesses of all sizes in developing and leveraging their digital twins, providing organizations with new insights, opportunities, and levels of automation to drive innovation. Siemens Digital Industries Software solutions include product lines such as NX, a commercial CAD\/CAM\/CAE software suite; Teamcenter, an integrated PLM suite with collaboration tools; and Tecnomatix, a manufacturing and factory planning suite. In addition to an application for measuring or testing noise, vibration, and durability (Simcenter Testing Solutions), there are several other solutions. Learn more about Siemens Digital Industries Software: http:\/\/sw.siemens.comAvantek is an Expert Partner of Siemens Digital Industries Software in Spain and Portugal.More information on Avantek: www.avantek.es","og_url":"https:\/\/www.ctsolutions.es\/en\/siemens\/","og_site_name":"CT Solutions","article_modified_time":"2025-03-24T09:06:00+00:00","twitter_card":"summary_large_image","twitter_site":"@ctsolutionsg","twitter_misc":{"Est. reading time":"3 minutes"},"schema":{"@context":"https:\/\/schema.org","@graph":[{"@type":"WebPage","@id":"https:\/\/www.ctsolutions.es\/en\/siemens\/","url":"https:\/\/www.ctsolutions.es\/en\/siemens\/","name":"Siemens - CT Solutions","isPartOf":{"@id":"https:\/\/www.ctsolutions.es\/#website"},"datePublished":"2023-05-19T09:56:13+00:00","dateModified":"2025-03-24T09:06:00+00:00","breadcrumb":{"@id":"https:\/\/www.ctsolutions.es\/en\/siemens\/#breadcrumb"},"inLanguage":"en-US","potentialAction":[{"@type":"ReadAction","target":["https:\/\/www.ctsolutions.es\/en\/siemens\/"]}]},{"@type":"BreadcrumbList","@id":"https:\/\/www.ctsolutions.es\/en\/siemens\/#breadcrumb","itemListElement":[{"@type":"ListItem","position":1,"name":"Portada","item":"https:\/\/www.ctsolutions.es\/en\/home\/"},{"@type":"ListItem","position":2,"name":"Siemens"}]},{"@type":"WebSite","@id":"https:\/\/www.ctsolutions.es\/#website","url":"https:\/\/www.ctsolutions.es\/","name":"CT Solutions","description":"M\u00e1s de 35 a\u00f1os ayudando a las empresas a ser m\u00e1s eficaces y competitivas","publisher":{"@id":"https:\/\/www.ctsolutions.es\/#organization"},"potentialAction":[{"@type":"SearchAction","target":{"@type":"EntryPoint","urlTemplate":"https:\/\/www.ctsolutions.es\/?s={search_term_string}"},"query-input":{"@type":"PropertyValueSpecification","valueRequired":true,"valueName":"search_term_string"}}],"inLanguage":"en-US"},{"@type":"Organization","@id":"https:\/\/www.ctsolutions.es\/#organization","name":"CT Solutions","url":"https:\/\/www.ctsolutions.es\/","logo":{"@type":"ImageObject","inLanguage":"en-US","@id":"https:\/\/www.ctsolutions.es\/#\/schema\/logo\/image\/","url":"https:\/\/www.ctsolutions.es\/wp-content\/uploads\/2023\/06\/Logo-CT-Solutions-positive-version.png","contentUrl":"https:\/\/www.ctsolutions.es\/wp-content\/uploads\/2023\/06\/Logo-CT-Solutions-positive-version.png","width":1160,"height":501,"caption":"CT Solutions"},"image":{"@id":"https:\/\/www.ctsolutions.es\/#\/schema\/logo\/image\/"},"sameAs":["https:\/\/x.com\/ctsolutionsg"]}]}},"_links":{"self":[{"href":"https:\/\/www.ctsolutions.es\/en\/wp-json\/wp\/v2\/pages\/250517","targetHints":{"allow":["GET"]}}],"collection":[{"href":"https:\/\/www.ctsolutions.es\/en\/wp-json\/wp\/v2\/pages"}],"about":[{"href":"https:\/\/www.ctsolutions.es\/en\/wp-json\/wp\/v2\/types\/page"}],"author":[{"embeddable":true,"href":"https:\/\/www.ctsolutions.es\/en\/wp-json\/wp\/v2\/users\/1"}],"replies":[{"embeddable":true,"href":"https:\/\/www.ctsolutions.es\/en\/wp-json\/wp\/v2\/comments?post=250517"}],"version-history":[{"count":2,"href":"https:\/\/www.ctsolutions.es\/en\/wp-json\/wp\/v2\/pages\/250517\/revisions"}],"predecessor-version":[{"id":250519,"href":"https:\/\/www.ctsolutions.es\/en\/wp-json\/wp\/v2\/pages\/250517\/revisions\/250519"}],"wp:attachment":[{"href":"https:\/\/www.ctsolutions.es\/en\/wp-json\/wp\/v2\/media?parent=250517"}],"curies":[{"name":"wp","href":"https:\/\/api.w.org\/{rel}","templated":true}]}}