{"id":250487,"date":"2023-05-19T09:04:14","date_gmt":"2023-05-19T09:04:14","guid":{"rendered":"https:\/\/www.ctsolutions.es\/engineering-and-collaboration\/"},"modified":"2024-02-15T11:24:16","modified_gmt":"2024-02-15T11:24:16","slug":"engineering-and-collaboration","status":"publish","type":"page","link":"https:\/\/www.ctsolutions.es\/en\/engineering-and-collaboration\/","title":{"rendered":"Engineering and collaboration"},"content":{"rendered":"<p>[et_pb_section fb_built=&#8221;1&#8243; _builder_version=&#8221;4.21.0&#8243; _module_preset=&#8221;default&#8221; background_color=&#8221;#f7f7f7&#8243; use_background_color_gradient=&#8221;on&#8221; background_color_gradient_stops=&#8221;#2b87da 50%|#f7f7f7 50%&#8221; background_image=&#8221;https:\/\/www.ctsolutions.es\/wp-content\/uploads\/2023\/07\/engineering-collaboration_nuevo-1.jpg&#8221; height=&#8221;400px&#8221; custom_margin=&#8221;||311px||false|false&#8221; global_colors_info=&#8221;{}&#8221;][et_pb_row column_structure=&#8221;1_2,1_2&#8243; _builder_version=&#8221;4.21.0&#8243; _module_preset=&#8221;default&#8221; background_color=&#8221;#ffffff&#8221; vertical_offset=&#8221;300px&#8221; width=&#8221;100%&#8221; custom_margin=&#8221;|auto|-11px|auto|false|false&#8221; custom_padding=&#8221;50px|50px|17px|50px|false|false&#8221; global_colors_info=&#8221;{}&#8221;][et_pb_column type=&#8221;1_2&#8243; _builder_version=&#8221;4.20.4&#8243; _module_preset=&#8221;default&#8221; global_colors_info=&#8221;{}&#8221;][et_pb_text _builder_version=&#8221;4.23.1&#8243; _module_preset=&#8221;default&#8221; text_font=&#8221;Ctgroup Regular||||||||&#8221; background_color=&#8221;RGBA(255,255,255,0)&#8221; global_colors_info=&#8221;{}&#8221;]<\/p>\n<p class=\"p1\">In an ever-changing and evolving industrial market, <strong>smart engineering solutions are critical to meeting the needs of clients looking for high-quality, <\/strong>sustainable products and asset management. As a result, <strong>we provide custom engineering services that are tailored to each client&#8217;s specific requirements.<\/strong><\/p>\n<p>[\/et_pb_text][et_pb_text _builder_version=&#8221;4.23.1&#8243; _module_preset=&#8221;default&#8221; text_font=&#8221;CTgroup Bold||||||||&#8221; text_text_color=&#8221;#ffffff&#8221; text_font_size=&#8221;40px&#8221; positioning=&#8221;absolute&#8221; width=&#8221;100%&#8221; custom_margin=&#8221;-200px||||false|false&#8221; global_colors_info=&#8221;{}&#8221;]<\/p>\n<h1>Engineering and collaboration<\/h1>\n<p>[\/et_pb_text][\/et_pb_column][et_pb_column type=&#8221;1_2&#8243; _builder_version=&#8221;4.20.4&#8243; _module_preset=&#8221;default&#8221; global_colors_info=&#8221;{}&#8221;][et_pb_text _builder_version=&#8221;4.21.0&#8243; _module_preset=&#8221;default&#8221; text_font=&#8221;Ctgroup Regular||||||||&#8221; background_color=&#8221;RGBA(255,255,255,0)&#8221; custom_margin=&#8221;||||false|false&#8221; global_colors_info=&#8221;{}&#8221;]<\/p>\n<p class=\"p1\"><strong>With more than 35 years of experience and a team of over 1,800 highly skilled engineers, we can design and implement integrated solutions that produce positive results.<\/strong> Our emphasis on innovation makes us the ideal partner for businesses seeking to stay ahead in a rapidly changing industry.<\/p>\n<p>[\/et_pb_text][\/et_pb_column][\/et_pb_row][\/et_pb_section][et_pb_section fb_built=&#8221;1&#8243; module_class=&#8221;plmtabs&#8221; _builder_version=&#8221;4.23.1&#8243; _module_preset=&#8221;default&#8221; custom_margin_tablet=&#8221;&#8221; custom_margin_phone=&#8221;700px||||false|false&#8221; custom_margin_last_edited=&#8221;on|phone&#8221; global_colors_info=&#8221;{}&#8221;][et_pb_row _builder_version=&#8221;4.21.0&#8243; _module_preset=&#8221;default&#8221; global_colors_info=&#8221;{}&#8221;][et_pb_column type=&#8221;4_4&#8243; _builder_version=&#8221;4.21.0&#8243; _module_preset=&#8221;default&#8221; global_colors_info=&#8221;{}&#8221;][et_pb_text _builder_version=&#8221;4.21.0&#8243; _module_preset=&#8221;default&#8221; text_font=&#8221;CTgroup Bold||||||||&#8221; text_text_color=&#8221;#012d9a&#8221; text_font_size=&#8221;36px&#8221; global_colors_info=&#8221;{}&#8221;]<\/p>\n<h2>Our Services<\/h2>\n<p>[\/et_pb_text][\/et_pb_column][\/et_pb_row][et_pb_row column_structure=&#8221;1_2,1_2&#8243; _builder_version=&#8221;4.21.0&#8243; _module_preset=&#8221;default&#8221; custom_padding=&#8221;26px|||||&#8221; global_colors_info=&#8221;{}&#8221;][et_pb_column type=&#8221;1_2&#8243; _builder_version=&#8221;4.21.0&#8243; _module_preset=&#8221;default&#8221; global_colors_info=&#8221;{}&#8221;][et_pb_image src=&#8221;https:\/\/www.ctsolutions.es\/wp-content\/uploads\/2023\/05\/ingenieria-y-colab_nuestros-servicios-scaled.jpg&#8221; title_text=&#8221;A group of multinational busy people working in the office.&#8221; _builder_version=&#8221;4.21.0&#8243; _module_preset=&#8221;default&#8221; custom_margin=&#8221;-9px|||||&#8221; custom_padding=&#8221;0px|||||&#8221; global_colors_info=&#8221;{}&#8221;][\/et_pb_image][\/et_pb_column][et_pb_column type=&#8221;1_2&#8243; _builder_version=&#8221;4.21.0&#8243; _module_preset=&#8221;default&#8221; global_colors_info=&#8221;{}&#8221;][et_pb_text _builder_version=&#8221;4.21.0&#8243; _module_preset=&#8221;default&#8221; global_colors_info=&#8221;{}&#8221;]<\/p>\n<p>CT Solutions provides a wide range of engineering services throughout the product and asset life cycle. From concept to development.<strong><\/strong><\/p>\n<p> <strong>We have extensive knowledge and experience in manufacturing processes,<\/strong> allowing us to use cutting-edge engineering tools, develop maintenance plans, and plan product testing. In addition, we assist with the startup and execution of products, systems, and plants.<\/p>\n<p><strong>CT Solutions can advise and assist your company with all engineering activities to ensure the success of your project.<\/strong><\/p>\n<p>[\/et_pb_text][\/et_pb_column][\/et_pb_row][\/et_pb_section][et_pb_section fb_built=&#8221;1&#8243; _builder_version=&#8221;4.21.0&#8243; _module_preset=&#8221;default&#8221; global_colors_info=&#8221;{}&#8221;][et_pb_row _builder_version=&#8221;4.18.0&#8243; _module_preset=&#8221;default&#8221; locked=&#8221;off&#8221; global_colors_info=&#8221;{}&#8221;][et_pb_column type=&#8221;4_4&#8243; _builder_version=&#8221;4.18.0&#8243; _module_preset=&#8221;default&#8221; global_colors_info=&#8221;{}&#8221;][et_pb_text _builder_version=&#8221;4.21.0&#8243; _module_preset=&#8221;default&#8221; text_font=&#8221;Ctgroup Regular||||||||&#8221; text_text_color=&#8221;#012d9a&#8221; text_font_size=&#8221;36px&#8221; global_colors_info=&#8221;{}&#8221;]<\/p>\n<h2>Our quality assurance<\/h2>\n<p>[\/et_pb_text][\/et_pb_column][\/et_pb_row][et_pb_row column_structure=&#8221;1_2,1_2&#8243; custom_padding_last_edited=&#8221;on|tablet&#8221; _builder_version=&#8221;4.19.0&#8243; _module_preset=&#8221;default&#8221; custom_padding_tablet=&#8221;||0px||false|false&#8221; custom_padding_phone=&#8221;&#8221; global_colors_info=&#8221;{}&#8221;][et_pb_column type=&#8221;1_2&#8243; _builder_version=&#8221;4.19.0&#8243; _module_preset=&#8221;default&#8221; global_colors_info=&#8221;{}&#8221;][et_pb_blurb title=&#8221;Over 35 years of experience&#8221; image=&#8221;https:\/\/www.ctsolutions.es\/wp-content\/uploads\/2023\/05\/sello-garantia-01.png&#8221; _builder_version=&#8221;4.21.0&#8243; _module_preset=&#8221;9204c1e7-f2ca-47f4-b891-4b98bc57f42c&#8221; header_font=&#8221;Ctgroup Regular|700|||||||&#8221; body_font=&#8221;Ctgroup Regular||||||||&#8221; body_line_height=&#8221;1.4em&#8221; custom_padding=&#8221;|57px||||&#8221; locked=&#8221;off&#8221; global_colors_info=&#8221;{}&#8221;]<\/p>\n<p class=\"p1\">Specialists in services related to consulting, implementation, training, and collaboration in engineering projects.<\/p>\n<p>[\/et_pb_blurb][\/et_pb_column][et_pb_column type=&#8221;1_2&#8243; _builder_version=&#8221;4.19.0&#8243; _module_preset=&#8221;default&#8221; global_colors_info=&#8221;{}&#8221;][et_pb_blurb title=&#8221;PLM and digitization.&#8221; image=&#8221;https:\/\/www.ctsolutions.es\/wp-content\/uploads\/2023\/05\/sello-garantia-02.png&#8221; _builder_version=&#8221;4.21.0&#8243; _module_preset=&#8221;9204c1e7-f2ca-47f4-b891-4b98bc57f42c&#8221; header_font=&#8221;Ctgroup Regular|700|||||||&#8221; body_font=&#8221;Ctgroup Regular||||||||&#8221; body_line_height=&#8221;1.4em&#8221; locked=&#8221;off&#8221; global_colors_info=&#8221;{}&#8221; custom_padding=&#8221;|85px||||&#8221;]<\/p>\n<p class=\"p1\">Experts in technologies related to the entire life cycle of products and assets.<\/p>\n<p>[\/et_pb_blurb][\/et_pb_column][\/et_pb_row][et_pb_row column_structure=&#8221;1_2,1_2&#8243; custom_padding_last_edited=&#8221;on|tablet&#8221; _builder_version=&#8221;4.19.0&#8243; _module_preset=&#8221;default&#8221; custom_padding_tablet=&#8221;||0px||false|false&#8221; custom_padding_phone=&#8221;&#8221; global_colors_info=&#8221;{}&#8221;][et_pb_column type=&#8221;1_2&#8243; _builder_version=&#8221;4.19.0&#8243; _module_preset=&#8221;default&#8221; global_colors_info=&#8221;{}&#8221;][et_pb_blurb title=&#8221;Agile and personalized services&#8221; image=&#8221;https:\/\/www.ctsolutions.es\/wp-content\/uploads\/2023\/05\/sello-garantia-03.png&#8221; _builder_version=&#8221;4.21.0&#8243; _module_preset=&#8221;9204c1e7-f2ca-47f4-b891-4b98bc57f42c&#8221; header_font=&#8221;Ctgroup Regular|700|||||||&#8221; body_font=&#8221;Ctgroup Regular||||||||&#8221; body_line_height=&#8221;1.4em&#8221; locked=&#8221;off&#8221; global_colors_info=&#8221;{}&#8221;]<\/p>\n<p class=\"p1\">We are always committed to understanding and adapting to our clients&#8217; needs, and we have created customized support models for each of them.<\/p>\n<p>[\/et_pb_blurb][\/et_pb_column][et_pb_column type=&#8221;1_2&#8243; _builder_version=&#8221;4.19.0&#8243; _module_preset=&#8221;default&#8221; global_colors_info=&#8221;{}&#8221;][et_pb_blurb title=&#8221;Leaders in technological innovation&#8221; image=&#8221;https:\/\/www.ctsolutions.es\/wp-content\/uploads\/2023\/05\/sello-garantia-04.png&#8221; _builder_version=&#8221;4.21.0&#8243; _module_preset=&#8221;9204c1e7-f2ca-47f4-b891-4b98bc57f42c&#8221; header_font=&#8221;Ctgroup Regular|700|||||||&#8221; body_font=&#8221;Ctgroup Regular||||||||&#8221; body_line_height=&#8221;1.4em&#8221; locked=&#8221;off&#8221; global_colors_info=&#8221;{}&#8221;]<\/p>\n<p class=\"p1\">Multi-disciplinary, multi-supplier service team with extensive experience in all industrial processes.<\/p>\n<p>[\/et_pb_blurb][\/et_pb_column][\/et_pb_row][et_pb_row column_structure=&#8221;1_2,1_2&#8243; custom_padding_last_edited=&#8221;on|tablet&#8221; _builder_version=&#8221;4.19.0&#8243; _module_preset=&#8221;default&#8221; custom_padding_tablet=&#8221;||0px||false|false&#8221; custom_padding_phone=&#8221;&#8221; global_colors_info=&#8221;{}&#8221;][et_pb_column type=&#8221;1_2&#8243; _builder_version=&#8221;4.19.0&#8243; _module_preset=&#8221;default&#8221; global_colors_info=&#8221;{}&#8221;][et_pb_blurb title=&#8221;Passionate about technology&#8221; image=&#8221;https:\/\/www.ctsolutions.es\/wp-content\/uploads\/2023\/05\/sello-garantia-05.png&#8221; _builder_version=&#8221;4.21.0&#8243; _module_preset=&#8221;9204c1e7-f2ca-47f4-b891-4b98bc57f42c&#8221; header_font=&#8221;Ctgroup Regular|700|||||||&#8221; body_font=&#8221;Ctgroup Regular||||||||&#8221; body_line_height=&#8221;1.4em&#8221; custom_padding=&#8221;|86px||||&#8221; locked=&#8221;off&#8221; global_colors_info=&#8221;{}&#8221;]<\/p>\n<p class=\"p1\">As part of <strong>CT<\/strong>, we have all the knowledge on the productive use of the tools.<\/p>\n<p>[\/et_pb_blurb][\/et_pb_column][et_pb_column type=&#8221;1_2&#8243; _builder_version=&#8221;4.19.0&#8243; _module_preset=&#8221;default&#8221; global_colors_info=&#8221;{}&#8221;][et_pb_blurb title=&#8221;Service Level Agreement (SLAs)&#8221; image=&#8221;https:\/\/www.ctsolutions.es\/wp-content\/uploads\/2023\/05\/sello-garantia-06.png&#8221; _builder_version=&#8221;4.21.0&#8243; _module_preset=&#8221;9204c1e7-f2ca-47f4-b891-4b98bc57f42c&#8221; header_font=&#8221;Ctgroup Regular|700|||||||&#8221; body_font=&#8221;Ctgroup Regular||||||||&#8221; body_line_height=&#8221;1.4em&#8221; locked=&#8221;off&#8221; global_colors_info=&#8221;{}&#8221; custom_padding=&#8221;|77px||||&#8221;]<\/p>\n<p class=\"p1\">Advanced support service with 5\u00d78 attention and first response in 4 hours.<\/p>\n<p>[\/et_pb_blurb][\/et_pb_column][\/et_pb_row][\/et_pb_section]<\/p>\n","protected":false},"excerpt":{"rendered":"<p>In an ever-changing and evolving industrial market, smart engineering solutions are critical to meeting the needs of clients looking for high-quality, sustainable products and asset management. As a result, we provide custom engineering services that are tailored to each client&#8217;s specific requirements.Engineering and collaborationWith more than 35 years of experience and a team of over 1,800 highly skilled engineers, we can design and implement integrated solutions that produce positive results. Our emphasis on innovation makes us the ideal partner for businesses seeking to stay ahead in a rapidly changing industry.Our ServicesCT Solutions provides a wide range of engineering services throughout the product and asset life cycle. From concept to development. We have extensive knowledge and experience in manufacturing processes, allowing us to use cutting-edge engineering tools, develop maintenance plans, and plan product testing. In addition, we assist with the startup and execution of products, systems, and plants. CT Solutions can advise and assist your company with all engineering activities to ensure the success of your project.Our quality assuranceSpecialists in services related to consulting, implementation, training, and collaboration in engineering projects.Experts in technologies related to the entire life cycle of products and assets.We are always committed to understanding and adapting to [&hellip;]<\/p>\n","protected":false},"author":1,"featured_media":0,"parent":0,"menu_order":0,"comment_status":"closed","ping_status":"closed","template":"","meta":{"_et_pb_use_builder":"on","_et_pb_old_content":"","_et_gb_content_width":"","footnotes":""},"class_list":["post-250487","page","type-page","status-publish","hentry"],"yoast_head":"<!-- This site is optimized with the Yoast SEO plugin v27.3 - https:\/\/yoast.com\/product\/yoast-seo-wordpress\/ -->\r\n<title>Engineering and collaboration - CT Solutions<\/title>\r\n<meta name=\"robots\" content=\"index, follow, max-snippet:-1, max-image-preview:large, max-video-preview:-1\" \/>\r\n<link rel=\"canonical\" href=\"https:\/\/www.ctsolutions.es\/en\/engineering-and-collaboration\/\" \/>\r\n<meta property=\"og:locale\" content=\"en_US\" \/>\r\n<meta property=\"og:type\" content=\"article\" \/>\r\n<meta property=\"og:title\" content=\"Engineering and collaboration - CT Solutions\" \/>\r\n<meta property=\"og:description\" content=\"In an ever-changing and evolving industrial market, smart engineering solutions are critical to meeting the needs of clients looking for high-quality, sustainable products and asset management. As a result, we provide custom engineering services that are tailored to each client&#039;s specific requirements.Engineering and collaborationWith more than 35 years of experience and a team of over 1,800 highly skilled engineers, we can design and implement integrated solutions that produce positive results. Our emphasis on innovation makes us the ideal partner for businesses seeking to stay ahead in a rapidly changing industry.Our ServicesCT Solutions provides a wide range of engineering services throughout the product and asset life cycle. From concept to development. We have extensive knowledge and experience in manufacturing processes, allowing us to use cutting-edge engineering tools, develop maintenance plans, and plan product testing. In addition, we assist with the startup and execution of products, systems, and plants. CT Solutions can advise and assist your company with all engineering activities to ensure the success of your project.Our quality assuranceSpecialists in services related to consulting, implementation, training, and collaboration in engineering projects.Experts in technologies related to the entire life cycle of products and assets.We are always committed to understanding and adapting to [&hellip;]\" \/>\r\n<meta property=\"og:url\" content=\"https:\/\/www.ctsolutions.es\/en\/engineering-and-collaboration\/\" \/>\r\n<meta property=\"og:site_name\" content=\"CT Solutions\" \/>\r\n<meta property=\"article:modified_time\" content=\"2024-02-15T11:24:16+00:00\" \/>\r\n<meta name=\"twitter:card\" content=\"summary_large_image\" \/>\r\n<meta name=\"twitter:site\" content=\"@ctsolutionsg\" \/>\r\n<meta name=\"twitter:label1\" content=\"Est. reading time\" \/>\n\t<meta name=\"twitter:data1\" content=\"6 minutes\" \/>\r\n<script type=\"application\/ld+json\" class=\"yoast-schema-graph\">{\"@context\":\"https:\\\/\\\/schema.org\",\"@graph\":[{\"@type\":\"WebPage\",\"@id\":\"https:\\\/\\\/www.ctsolutions.es\\\/en\\\/engineering-and-collaboration\\\/\",\"url\":\"https:\\\/\\\/www.ctsolutions.es\\\/en\\\/engineering-and-collaboration\\\/\",\"name\":\"Engineering and collaboration - CT Solutions\",\"isPartOf\":{\"@id\":\"https:\\\/\\\/www.ctsolutions.es\\\/#website\"},\"datePublished\":\"2023-05-19T09:04:14+00:00\",\"dateModified\":\"2024-02-15T11:24:16+00:00\",\"breadcrumb\":{\"@id\":\"https:\\\/\\\/www.ctsolutions.es\\\/en\\\/engineering-and-collaboration\\\/#breadcrumb\"},\"inLanguage\":\"en-US\",\"potentialAction\":[{\"@type\":\"ReadAction\",\"target\":[\"https:\\\/\\\/www.ctsolutions.es\\\/en\\\/engineering-and-collaboration\\\/\"]}]},{\"@type\":\"BreadcrumbList\",\"@id\":\"https:\\\/\\\/www.ctsolutions.es\\\/en\\\/engineering-and-collaboration\\\/#breadcrumb\",\"itemListElement\":[{\"@type\":\"ListItem\",\"position\":1,\"name\":\"Portada\",\"item\":\"https:\\\/\\\/www.ctsolutions.es\\\/en\\\/home\\\/\"},{\"@type\":\"ListItem\",\"position\":2,\"name\":\"Engineering and collaboration\"}]},{\"@type\":\"WebSite\",\"@id\":\"https:\\\/\\\/www.ctsolutions.es\\\/#website\",\"url\":\"https:\\\/\\\/www.ctsolutions.es\\\/\",\"name\":\"CT Solutions\",\"description\":\"M\u00e1s de 35 a\u00f1os ayudando a las empresas a ser m\u00e1s eficaces y competitivas\",\"publisher\":{\"@id\":\"https:\\\/\\\/www.ctsolutions.es\\\/#organization\"},\"potentialAction\":[{\"@type\":\"SearchAction\",\"target\":{\"@type\":\"EntryPoint\",\"urlTemplate\":\"https:\\\/\\\/www.ctsolutions.es\\\/?s={search_term_string}\"},\"query-input\":{\"@type\":\"PropertyValueSpecification\",\"valueRequired\":true,\"valueName\":\"search_term_string\"}}],\"inLanguage\":\"en-US\"},{\"@type\":\"Organization\",\"@id\":\"https:\\\/\\\/www.ctsolutions.es\\\/#organization\",\"name\":\"CT Solutions\",\"url\":\"https:\\\/\\\/www.ctsolutions.es\\\/\",\"logo\":{\"@type\":\"ImageObject\",\"inLanguage\":\"en-US\",\"@id\":\"https:\\\/\\\/www.ctsolutions.es\\\/#\\\/schema\\\/logo\\\/image\\\/\",\"url\":\"https:\\\/\\\/www.ctsolutions.es\\\/wp-content\\\/uploads\\\/2023\\\/06\\\/Logo-CT-Solutions-positive-version.png\",\"contentUrl\":\"https:\\\/\\\/www.ctsolutions.es\\\/wp-content\\\/uploads\\\/2023\\\/06\\\/Logo-CT-Solutions-positive-version.png\",\"width\":1160,\"height\":501,\"caption\":\"CT Solutions\"},\"image\":{\"@id\":\"https:\\\/\\\/www.ctsolutions.es\\\/#\\\/schema\\\/logo\\\/image\\\/\"},\"sameAs\":[\"https:\\\/\\\/x.com\\\/ctsolutionsg\"]}]}<\/script>\r\n<!-- \/ Yoast SEO plugin. -->","yoast_head_json":{"title":"Engineering and collaboration - CT Solutions","robots":{"index":"index","follow":"follow","max-snippet":"max-snippet:-1","max-image-preview":"max-image-preview:large","max-video-preview":"max-video-preview:-1"},"canonical":"https:\/\/www.ctsolutions.es\/en\/engineering-and-collaboration\/","og_locale":"en_US","og_type":"article","og_title":"Engineering and collaboration - CT Solutions","og_description":"In an ever-changing and evolving industrial market, smart engineering solutions are critical to meeting the needs of clients looking for high-quality, sustainable products and asset management. As a result, we provide custom engineering services that are tailored to each client's specific requirements.Engineering and collaborationWith more than 35 years of experience and a team of over 1,800 highly skilled engineers, we can design and implement integrated solutions that produce positive results. Our emphasis on innovation makes us the ideal partner for businesses seeking to stay ahead in a rapidly changing industry.Our ServicesCT Solutions provides a wide range of engineering services throughout the product and asset life cycle. From concept to development. We have extensive knowledge and experience in manufacturing processes, allowing us to use cutting-edge engineering tools, develop maintenance plans, and plan product testing. In addition, we assist with the startup and execution of products, systems, and plants. CT Solutions can advise and assist your company with all engineering activities to ensure the success of your project.Our quality assuranceSpecialists in services related to consulting, implementation, training, and collaboration in engineering projects.Experts in technologies related to the entire life cycle of products and assets.We are always committed to understanding and adapting to [&hellip;]","og_url":"https:\/\/www.ctsolutions.es\/en\/engineering-and-collaboration\/","og_site_name":"CT Solutions","article_modified_time":"2024-02-15T11:24:16+00:00","twitter_card":"summary_large_image","twitter_site":"@ctsolutionsg","twitter_misc":{"Est. reading time":"6 minutes"},"schema":{"@context":"https:\/\/schema.org","@graph":[{"@type":"WebPage","@id":"https:\/\/www.ctsolutions.es\/en\/engineering-and-collaboration\/","url":"https:\/\/www.ctsolutions.es\/en\/engineering-and-collaboration\/","name":"Engineering and collaboration - CT Solutions","isPartOf":{"@id":"https:\/\/www.ctsolutions.es\/#website"},"datePublished":"2023-05-19T09:04:14+00:00","dateModified":"2024-02-15T11:24:16+00:00","breadcrumb":{"@id":"https:\/\/www.ctsolutions.es\/en\/engineering-and-collaboration\/#breadcrumb"},"inLanguage":"en-US","potentialAction":[{"@type":"ReadAction","target":["https:\/\/www.ctsolutions.es\/en\/engineering-and-collaboration\/"]}]},{"@type":"BreadcrumbList","@id":"https:\/\/www.ctsolutions.es\/en\/engineering-and-collaboration\/#breadcrumb","itemListElement":[{"@type":"ListItem","position":1,"name":"Portada","item":"https:\/\/www.ctsolutions.es\/en\/home\/"},{"@type":"ListItem","position":2,"name":"Engineering and collaboration"}]},{"@type":"WebSite","@id":"https:\/\/www.ctsolutions.es\/#website","url":"https:\/\/www.ctsolutions.es\/","name":"CT Solutions","description":"M\u00e1s de 35 a\u00f1os ayudando a las empresas a ser m\u00e1s eficaces y competitivas","publisher":{"@id":"https:\/\/www.ctsolutions.es\/#organization"},"potentialAction":[{"@type":"SearchAction","target":{"@type":"EntryPoint","urlTemplate":"https:\/\/www.ctsolutions.es\/?s={search_term_string}"},"query-input":{"@type":"PropertyValueSpecification","valueRequired":true,"valueName":"search_term_string"}}],"inLanguage":"en-US"},{"@type":"Organization","@id":"https:\/\/www.ctsolutions.es\/#organization","name":"CT Solutions","url":"https:\/\/www.ctsolutions.es\/","logo":{"@type":"ImageObject","inLanguage":"en-US","@id":"https:\/\/www.ctsolutions.es\/#\/schema\/logo\/image\/","url":"https:\/\/www.ctsolutions.es\/wp-content\/uploads\/2023\/06\/Logo-CT-Solutions-positive-version.png","contentUrl":"https:\/\/www.ctsolutions.es\/wp-content\/uploads\/2023\/06\/Logo-CT-Solutions-positive-version.png","width":1160,"height":501,"caption":"CT Solutions"},"image":{"@id":"https:\/\/www.ctsolutions.es\/#\/schema\/logo\/image\/"},"sameAs":["https:\/\/x.com\/ctsolutionsg"]}]}},"_links":{"self":[{"href":"https:\/\/www.ctsolutions.es\/en\/wp-json\/wp\/v2\/pages\/250487","targetHints":{"allow":["GET"]}}],"collection":[{"href":"https:\/\/www.ctsolutions.es\/en\/wp-json\/wp\/v2\/pages"}],"about":[{"href":"https:\/\/www.ctsolutions.es\/en\/wp-json\/wp\/v2\/types\/page"}],"author":[{"embeddable":true,"href":"https:\/\/www.ctsolutions.es\/en\/wp-json\/wp\/v2\/users\/1"}],"replies":[{"embeddable":true,"href":"https:\/\/www.ctsolutions.es\/en\/wp-json\/wp\/v2\/comments?post=250487"}],"version-history":[{"count":4,"href":"https:\/\/www.ctsolutions.es\/en\/wp-json\/wp\/v2\/pages\/250487\/revisions"}],"predecessor-version":[{"id":250563,"href":"https:\/\/www.ctsolutions.es\/en\/wp-json\/wp\/v2\/pages\/250487\/revisions\/250563"}],"wp:attachment":[{"href":"https:\/\/www.ctsolutions.es\/en\/wp-json\/wp\/v2\/media?parent=250487"}],"curies":[{"name":"wp","href":"https:\/\/api.w.org\/{rel}","templated":true}]}}