{"id":250449,"date":"2023-05-19T09:47:02","date_gmt":"2023-05-19T09:47:02","guid":{"rendered":"https:\/\/www.ctsolutions.es\/ibm\/"},"modified":"2024-02-15T10:40:14","modified_gmt":"2024-02-15T10:40:14","slug":"ibm","status":"publish","type":"page","link":"https:\/\/www.ctsolutions.es\/en\/ibm\/","title":{"rendered":"IBM"},"content":{"rendered":"<p>[et_pb_section fb_built=&#8221;1&#8243; _builder_version=&#8221;4.21.0&#8243; _module_preset=&#8221;default&#8221; background_color=&#8221;#f7f7f7&#8243; use_background_color_gradient=&#8221;on&#8221; background_color_gradient_stops=&#8221;#2b87da 50%|#f7f7f7 50%&#8221; background_image=&#8221;https:\/\/www.ctsolutions.es\/wp-content\/uploads\/2023\/07\/partners-ibm.jpg&#8221; height=&#8221;400px&#8221; custom_margin=&#8221;||300px||false|false&#8221; global_colors_info=&#8221;{}&#8221;][et_pb_row column_structure=&#8221;1_2,1_2&#8243; _builder_version=&#8221;4.21.0&#8243; _module_preset=&#8221;default&#8221; background_color=&#8221;#ffffff&#8221; vertical_offset=&#8221;300px&#8221; width=&#8221;100%&#8221; custom_margin=&#8221;||||false|false&#8221; custom_padding=&#8221;50px|50px|50px|50px|false|false&#8221; global_colors_info=&#8221;{}&#8221;][et_pb_column type=&#8221;1_2&#8243; _builder_version=&#8221;4.20.4&#8243; _module_preset=&#8221;default&#8221; global_colors_info=&#8221;{}&#8221;][et_pb_text _builder_version=&#8221;4.23.1&#8243; _module_preset=&#8221;default&#8221; text_font=&#8221;CTgroup Bold||||||||&#8221; text_text_color=&#8221;#ffffff&#8221; text_font_size=&#8221;40px&#8221; positioning=&#8221;absolute&#8221; width=&#8221;100%&#8221; custom_margin=&#8221;-200px||||false|false&#8221; global_colors_info=&#8221;{}&#8221;]<\/p>\n<h1>IBM<\/h1>\n<p>[\/et_pb_text][et_pb_text _builder_version=&#8221;4.23.1&#8243; _module_preset=&#8221;default&#8221; text_font=&#8221;Ctgroup Regular||||||||&#8221; background_color=&#8221;RGBA(255,255,255,0)&#8221; hover_enabled=&#8221;0&#8243; global_colors_info=&#8221;{}&#8221; sticky_enabled=&#8221;0&#8243;]<\/p>\n<p class=\"p1\"><span class=\"s1\">International Business Machines Corporation (IBM) is a multinational technology company based in the United States <strong>that specializes<\/strong><\/span> <span class=\"s2\"><strong>in the integration of technologies and experiences. It provides infrastructure, software, and consulting services to clients worldwide seeking to digitally transform<\/strong> mission-critical business activities.<\/span><\/p>\n<p class=\"p3\">IBM provides solutions in a variety of computing areas, including mainframe computers,\u00a0<\/p>\n<p>[\/et_pb_text][\/et_pb_column][et_pb_column type=&#8221;1_2&#8243; _builder_version=&#8221;4.20.4&#8243; _module_preset=&#8221;default&#8221; global_colors_info=&#8221;{}&#8221;][et_pb_text _builder_version=&#8221;4.23.1&#8243; _module_preset=&#8221;default&#8221; text_font=&#8221;Ctgroup Regular||||||||&#8221; background_color=&#8221;RGBA(255,255,255,0)&#8221; custom_margin=&#8221;1px||||false|false&#8221; hover_enabled=&#8221;0&#8243; global_colors_info=&#8221;{}&#8221; sticky_enabled=&#8221;0&#8243;]<\/p>\n<p class=\"p1\">nanotechnology, artificial intelligence, cognitive computing, and asset management.<\/p>\n<p class=\"p1\"><strong>IBM is a leader in asset management solutions with IBM Maximo Application Suite, a solution that allows for the management, monitoring, predictive maintenance, and reliability of intelligent assets in a single platform.<\/strong><\/p>\n<p class=\"p3\">For more information about IBM, visit: <a href=\"https:\/\/www.ibm.com\/\" target=\"_blank\" rel=\"noopener\">https:\/\/www.ibm.com\/<\/a><\/p>\n<p>[\/et_pb_text][\/et_pb_column][\/et_pb_row][\/et_pb_section][et_pb_section fb_built=&#8221;1&#8243; _builder_version=&#8221;4.23.1&#8243; _module_preset=&#8221;default&#8221; background_enable_color=&#8221;off&#8221; min_height=&#8221;412.3px&#8221; custom_margin=&#8221;449px||||false|false&#8221; custom_margin_tablet=&#8221;500px||||false|false&#8221; custom_margin_phone=&#8221;950px||||false|false&#8221; custom_margin_last_edited=&#8221;on|phone&#8221; custom_padding=&#8221;||||false|false&#8221; global_colors_info=&#8221;{}&#8221;][et_pb_row _builder_version=&#8221;4.21.0&#8243; _module_preset=&#8221;default&#8221; global_colors_info=&#8221;{}&#8221;][et_pb_column type=&#8221;4_4&#8243; _builder_version=&#8221;4.21.0&#8243; _module_preset=&#8221;default&#8221; global_colors_info=&#8221;{}&#8221;][et_pb_text _builder_version=&#8221;4.21.0&#8243; _module_preset=&#8221;default&#8221; text_font=&#8221;CTgroup Bold||||||||&#8221; text_text_color=&#8221;#012d9a&#8221; text_font_size=&#8221;21px&#8221; text_orientation=&#8221;center&#8221; global_colors_info=&#8221;{}&#8221;]<\/p>\n<h2 style=\"font-size: 21px;\">CT Activa is an IBM Silver Partner in Spain<\/h2>\n<p>[\/et_pb_text][\/et_pb_column][\/et_pb_row][et_pb_row _builder_version=&#8221;4.23.1&#8243; _module_preset=&#8221;default&#8221; custom_margin_tablet=&#8221;&#8221; custom_margin_phone=&#8221;9px|auto||auto|false|false&#8221; custom_margin_last_edited=&#8221;on|phone&#8221; custom_padding=&#8221;68px|||||&#8221; global_colors_info=&#8221;{}&#8221;][et_pb_column type=&#8221;4_4&#8243; _builder_version=&#8221;4.21.0&#8243; _module_preset=&#8221;default&#8221; global_colors_info=&#8221;{}&#8221;][et_pb_image src=&#8221;https:\/\/www.ctsolutions.es\/wp-content\/uploads\/2023\/07\/IBM-silver-partner-logo-1.jpg&#8221; title_text=&#8221;IBM silver partner logo&#8221; align=&#8221;center&#8221; _builder_version=&#8221;4.23.1&#8243; _module_preset=&#8221;default&#8221; width=&#8221;25%&#8221; width_tablet=&#8221;25%&#8221; width_phone=&#8221;100%&#8221; width_last_edited=&#8221;on|phone&#8221; max_width=&#8221;100%&#8221; min_height=&#8221;100px&#8221; min_height_tablet=&#8221;100px&#8221; min_height_phone=&#8221;168px&#8221; min_height_last_edited=&#8221;on|phone&#8221; height=&#8221;166px&#8221; max_height=&#8221;164px&#8221; custom_margin=&#8221;-65px||6px||false|false&#8221; global_colors_info=&#8221;{}&#8221;][\/et_pb_image][et_pb_text _builder_version=&#8221;4.21.0&#8243; _module_preset=&#8221;default&#8221; text_font=&#8221;Ctgroup Regular||||||||&#8221; text_orientation=&#8221;center&#8221; global_colors_info=&#8221;{}&#8221;]<\/p>\n<p class=\"p1\">More information about CT Activa: <a href=\"http:\/\/www.ctactiva.es\" target=\"_blank\" rel=\"noopener\">www.ctactiva.es<\/a><\/p>\n<p>[\/et_pb_text][\/et_pb_column][\/et_pb_row][\/et_pb_section]<\/p>\n","protected":false},"excerpt":{"rendered":"<p>IBMInternational Business Machines Corporation (IBM) is a multinational technology company based in the United States that specializes in the integration of technologies and experiences. It provides infrastructure, software, and consulting services to clients worldwide seeking to digitally transform mission-critical business activities. IBM provides solutions in a variety of computing areas, including mainframe computers,\u00a0nanotechnology, artificial intelligence, cognitive computing, and asset management. IBM is a leader in asset management solutions with IBM Maximo Application Suite, a solution that allows for the management, monitoring, predictive maintenance, and reliability of intelligent assets in a single platform. For more information about IBM, visit: https:\/\/www.ibm.com\/CT Activa is an IBM Silver Partner in SpainMore information about CT Activa: www.ctactiva.es<\/p>\n","protected":false},"author":1,"featured_media":0,"parent":0,"menu_order":0,"comment_status":"closed","ping_status":"closed","template":"","meta":{"_et_pb_use_builder":"on","_et_pb_old_content":"","_et_gb_content_width":"","footnotes":""},"class_list":["post-250449","page","type-page","status-publish","hentry"],"yoast_head":"<!-- This site is optimized with the Yoast SEO plugin v27.3 - https:\/\/yoast.com\/product\/yoast-seo-wordpress\/ -->\r\n<title>IBM - CT Solutions<\/title>\r\n<meta name=\"robots\" content=\"index, follow, max-snippet:-1, max-image-preview:large, max-video-preview:-1\" \/>\r\n<link rel=\"canonical\" href=\"https:\/\/www.ctsolutions.es\/en\/ibm\/\" \/>\r\n<meta property=\"og:locale\" content=\"en_US\" \/>\r\n<meta property=\"og:type\" content=\"article\" \/>\r\n<meta property=\"og:title\" content=\"IBM - CT Solutions\" \/>\r\n<meta property=\"og:description\" content=\"IBMInternational Business Machines Corporation (IBM) is a multinational technology company based in the United States that specializes in the integration of technologies and experiences. It provides infrastructure, software, and consulting services to clients worldwide seeking to digitally transform mission-critical business activities. IBM provides solutions in a variety of computing areas, including mainframe computers,\u00a0nanotechnology, artificial intelligence, cognitive computing, and asset management. IBM is a leader in asset management solutions with IBM Maximo Application Suite, a solution that allows for the management, monitoring, predictive maintenance, and reliability of intelligent assets in a single platform. For more information about IBM, visit: https:\/\/www.ibm.com\/CT Activa is an IBM Silver Partner in SpainMore information about CT Activa: www.ctactiva.es\" \/>\r\n<meta property=\"og:url\" content=\"https:\/\/www.ctsolutions.es\/en\/ibm\/\" \/>\r\n<meta property=\"og:site_name\" content=\"CT Solutions\" \/>\r\n<meta property=\"article:modified_time\" content=\"2024-02-15T10:40:14+00:00\" \/>\r\n<meta name=\"twitter:card\" content=\"summary_large_image\" \/>\r\n<meta name=\"twitter:site\" content=\"@ctsolutionsg\" \/>\r\n<meta name=\"twitter:label1\" content=\"Est. reading time\" \/>\n\t<meta name=\"twitter:data1\" content=\"3 minutes\" \/>\r\n<script type=\"application\/ld+json\" class=\"yoast-schema-graph\">{\"@context\":\"https:\\\/\\\/schema.org\",\"@graph\":[{\"@type\":\"WebPage\",\"@id\":\"https:\\\/\\\/www.ctsolutions.es\\\/en\\\/ibm\\\/\",\"url\":\"https:\\\/\\\/www.ctsolutions.es\\\/en\\\/ibm\\\/\",\"name\":\"IBM - CT Solutions\",\"isPartOf\":{\"@id\":\"https:\\\/\\\/www.ctsolutions.es\\\/#website\"},\"datePublished\":\"2023-05-19T09:47:02+00:00\",\"dateModified\":\"2024-02-15T10:40:14+00:00\",\"breadcrumb\":{\"@id\":\"https:\\\/\\\/www.ctsolutions.es\\\/en\\\/ibm\\\/#breadcrumb\"},\"inLanguage\":\"en-US\",\"potentialAction\":[{\"@type\":\"ReadAction\",\"target\":[\"https:\\\/\\\/www.ctsolutions.es\\\/en\\\/ibm\\\/\"]}]},{\"@type\":\"BreadcrumbList\",\"@id\":\"https:\\\/\\\/www.ctsolutions.es\\\/en\\\/ibm\\\/#breadcrumb\",\"itemListElement\":[{\"@type\":\"ListItem\",\"position\":1,\"name\":\"Portada\",\"item\":\"https:\\\/\\\/www.ctsolutions.es\\\/en\\\/home\\\/\"},{\"@type\":\"ListItem\",\"position\":2,\"name\":\"IBM\"}]},{\"@type\":\"WebSite\",\"@id\":\"https:\\\/\\\/www.ctsolutions.es\\\/#website\",\"url\":\"https:\\\/\\\/www.ctsolutions.es\\\/\",\"name\":\"CT Solutions\",\"description\":\"M\u00e1s de 35 a\u00f1os ayudando a las empresas a ser m\u00e1s eficaces y competitivas\",\"publisher\":{\"@id\":\"https:\\\/\\\/www.ctsolutions.es\\\/#organization\"},\"potentialAction\":[{\"@type\":\"SearchAction\",\"target\":{\"@type\":\"EntryPoint\",\"urlTemplate\":\"https:\\\/\\\/www.ctsolutions.es\\\/?s={search_term_string}\"},\"query-input\":{\"@type\":\"PropertyValueSpecification\",\"valueRequired\":true,\"valueName\":\"search_term_string\"}}],\"inLanguage\":\"en-US\"},{\"@type\":\"Organization\",\"@id\":\"https:\\\/\\\/www.ctsolutions.es\\\/#organization\",\"name\":\"CT Solutions\",\"url\":\"https:\\\/\\\/www.ctsolutions.es\\\/\",\"logo\":{\"@type\":\"ImageObject\",\"inLanguage\":\"en-US\",\"@id\":\"https:\\\/\\\/www.ctsolutions.es\\\/#\\\/schema\\\/logo\\\/image\\\/\",\"url\":\"https:\\\/\\\/www.ctsolutions.es\\\/wp-content\\\/uploads\\\/2023\\\/06\\\/Logo-CT-Solutions-positive-version.png\",\"contentUrl\":\"https:\\\/\\\/www.ctsolutions.es\\\/wp-content\\\/uploads\\\/2023\\\/06\\\/Logo-CT-Solutions-positive-version.png\",\"width\":1160,\"height\":501,\"caption\":\"CT Solutions\"},\"image\":{\"@id\":\"https:\\\/\\\/www.ctsolutions.es\\\/#\\\/schema\\\/logo\\\/image\\\/\"},\"sameAs\":[\"https:\\\/\\\/x.com\\\/ctsolutionsg\"]}]}<\/script>\r\n<!-- \/ Yoast SEO plugin. -->","yoast_head_json":{"title":"IBM - CT Solutions","robots":{"index":"index","follow":"follow","max-snippet":"max-snippet:-1","max-image-preview":"max-image-preview:large","max-video-preview":"max-video-preview:-1"},"canonical":"https:\/\/www.ctsolutions.es\/en\/ibm\/","og_locale":"en_US","og_type":"article","og_title":"IBM - CT Solutions","og_description":"IBMInternational Business Machines Corporation (IBM) is a multinational technology company based in the United States that specializes in the integration of technologies and experiences. It provides infrastructure, software, and consulting services to clients worldwide seeking to digitally transform mission-critical business activities. IBM provides solutions in a variety of computing areas, including mainframe computers,\u00a0nanotechnology, artificial intelligence, cognitive computing, and asset management. IBM is a leader in asset management solutions with IBM Maximo Application Suite, a solution that allows for the management, monitoring, predictive maintenance, and reliability of intelligent assets in a single platform. For more information about IBM, visit: https:\/\/www.ibm.com\/CT Activa is an IBM Silver Partner in SpainMore information about CT Activa: www.ctactiva.es","og_url":"https:\/\/www.ctsolutions.es\/en\/ibm\/","og_site_name":"CT Solutions","article_modified_time":"2024-02-15T10:40:14+00:00","twitter_card":"summary_large_image","twitter_site":"@ctsolutionsg","twitter_misc":{"Est. reading time":"3 minutes"},"schema":{"@context":"https:\/\/schema.org","@graph":[{"@type":"WebPage","@id":"https:\/\/www.ctsolutions.es\/en\/ibm\/","url":"https:\/\/www.ctsolutions.es\/en\/ibm\/","name":"IBM - CT Solutions","isPartOf":{"@id":"https:\/\/www.ctsolutions.es\/#website"},"datePublished":"2023-05-19T09:47:02+00:00","dateModified":"2024-02-15T10:40:14+00:00","breadcrumb":{"@id":"https:\/\/www.ctsolutions.es\/en\/ibm\/#breadcrumb"},"inLanguage":"en-US","potentialAction":[{"@type":"ReadAction","target":["https:\/\/www.ctsolutions.es\/en\/ibm\/"]}]},{"@type":"BreadcrumbList","@id":"https:\/\/www.ctsolutions.es\/en\/ibm\/#breadcrumb","itemListElement":[{"@type":"ListItem","position":1,"name":"Portada","item":"https:\/\/www.ctsolutions.es\/en\/home\/"},{"@type":"ListItem","position":2,"name":"IBM"}]},{"@type":"WebSite","@id":"https:\/\/www.ctsolutions.es\/#website","url":"https:\/\/www.ctsolutions.es\/","name":"CT Solutions","description":"M\u00e1s de 35 a\u00f1os ayudando a las empresas a ser m\u00e1s eficaces y competitivas","publisher":{"@id":"https:\/\/www.ctsolutions.es\/#organization"},"potentialAction":[{"@type":"SearchAction","target":{"@type":"EntryPoint","urlTemplate":"https:\/\/www.ctsolutions.es\/?s={search_term_string}"},"query-input":{"@type":"PropertyValueSpecification","valueRequired":true,"valueName":"search_term_string"}}],"inLanguage":"en-US"},{"@type":"Organization","@id":"https:\/\/www.ctsolutions.es\/#organization","name":"CT Solutions","url":"https:\/\/www.ctsolutions.es\/","logo":{"@type":"ImageObject","inLanguage":"en-US","@id":"https:\/\/www.ctsolutions.es\/#\/schema\/logo\/image\/","url":"https:\/\/www.ctsolutions.es\/wp-content\/uploads\/2023\/06\/Logo-CT-Solutions-positive-version.png","contentUrl":"https:\/\/www.ctsolutions.es\/wp-content\/uploads\/2023\/06\/Logo-CT-Solutions-positive-version.png","width":1160,"height":501,"caption":"CT Solutions"},"image":{"@id":"https:\/\/www.ctsolutions.es\/#\/schema\/logo\/image\/"},"sameAs":["https:\/\/x.com\/ctsolutionsg"]}]}},"_links":{"self":[{"href":"https:\/\/www.ctsolutions.es\/en\/wp-json\/wp\/v2\/pages\/250449","targetHints":{"allow":["GET"]}}],"collection":[{"href":"https:\/\/www.ctsolutions.es\/en\/wp-json\/wp\/v2\/pages"}],"about":[{"href":"https:\/\/www.ctsolutions.es\/en\/wp-json\/wp\/v2\/types\/page"}],"author":[{"embeddable":true,"href":"https:\/\/www.ctsolutions.es\/en\/wp-json\/wp\/v2\/users\/1"}],"replies":[{"embeddable":true,"href":"https:\/\/www.ctsolutions.es\/en\/wp-json\/wp\/v2\/comments?post=250449"}],"version-history":[{"count":5,"href":"https:\/\/www.ctsolutions.es\/en\/wp-json\/wp\/v2\/pages\/250449\/revisions"}],"predecessor-version":[{"id":250548,"href":"https:\/\/www.ctsolutions.es\/en\/wp-json\/wp\/v2\/pages\/250449\/revisions\/250548"}],"wp:attachment":[{"href":"https:\/\/www.ctsolutions.es\/en\/wp-json\/wp\/v2\/media?parent=250449"}],"curies":[{"name":"wp","href":"https:\/\/api.w.org\/{rel}","templated":true}]}}