{"id":250444,"date":"2023-05-19T09:29:14","date_gmt":"2023-05-19T09:29:14","guid":{"rendered":"https:\/\/www.ctsolutions.es\/specific-developments\/"},"modified":"2025-03-24T09:06:03","modified_gmt":"2025-03-24T09:06:03","slug":"specific-developments","status":"publish","type":"page","link":"https:\/\/www.ctsolutions.es\/en\/specific-developments\/","title":{"rendered":"Specific developments"},"content":{"rendered":"<p>[et_pb_section fb_built=&#8221;1&#8243; _builder_version=&#8221;4.21.0&#8243; _module_preset=&#8221;default&#8221; background_color=&#8221;#f7f7f7&#8243; use_background_color_gradient=&#8221;on&#8221; background_color_gradient_stops=&#8221;#2b87da 50%|#f7f7f7 50%&#8221; background_image=&#8221;https:\/\/www.ctsolutions.es\/wp-content\/uploads\/2023\/07\/specific-developments_nuevo2.jpg&#8221; height=&#8221;404px&#8221; custom_margin=&#8221;||-6px||false|false&#8221; custom_padding=&#8221;||274px|||&#8221; global_colors_info=&#8221;{}&#8221;][et_pb_row column_structure=&#8221;1_2,1_2&#8243; _builder_version=&#8221;4.21.0&#8243; _module_preset=&#8221;default&#8221; background_color=&#8221;#ffffff&#8221; vertical_offset=&#8221;300px&#8221; width=&#8221;100%&#8221; min_height=&#8221;304.5px&#8221; custom_margin=&#8221;|auto|-12px|auto|false|false&#8221; custom_padding=&#8221;50px|50px|28px|50px|false|false&#8221; global_colors_info=&#8221;{}&#8221;][et_pb_column type=&#8221;1_2&#8243; _builder_version=&#8221;4.20.4&#8243; _module_preset=&#8221;default&#8221; global_colors_info=&#8221;{}&#8221;][et_pb_text _builder_version=&#8221;4.21.0&#8243; _module_preset=&#8221;default&#8221; text_font=&#8221;Ctgroup Regular||||||||&#8221; background_color=&#8221;RGBA(255,255,255,0)&#8221; global_colors_info=&#8221;{}&#8221;]<\/p>\n<p><strong>CT Solutions assists you in developing applications and automations that streamline your design and industrial processes across the entire product and asset lifecycle.<\/strong><\/p>\n<p class=\"p3\">Throughout our more than 35-year presence in the industrial sector, we have encountered situations in which, in addition to the capabilities of the software solutions themselves, businesses continue to have<\/p>\n<p>[\/et_pb_text][et_pb_text _builder_version=&#8221;4.23.1&#8243; _module_preset=&#8221;default&#8221; text_font=&#8221;CTgroup Bold||||||||&#8221; text_text_color=&#8221;#ffffff&#8221; text_font_size=&#8221;40px&#8221; positioning=&#8221;absolute&#8221; width=&#8221;100%&#8221; custom_margin=&#8221;-200px||||false|false&#8221; global_colors_info=&#8221;{}&#8221;]<\/p>\n<h1>Specific developments<\/h1>\n<p>[\/et_pb_text][\/et_pb_column][et_pb_column type=&#8221;1_2&#8243; _builder_version=&#8221;4.20.4&#8243; _module_preset=&#8221;default&#8221; global_colors_info=&#8221;{}&#8221;][et_pb_text _builder_version=&#8221;4.23.1&#8243; _module_preset=&#8221;default&#8221; text_font=&#8221;Ctgroup Regular||||||||&#8221; background_color=&#8221;RGBA(255,255,255,0)&#8221; custom_margin=&#8221;||||false|false&#8221; custom_margin_tablet=&#8221;||||false|false&#8221; custom_margin_phone=&#8221;-20px||||false|false&#8221; custom_margin_last_edited=&#8221;on|phone&#8221; global_colors_info=&#8221;{}&#8221;]<\/p>\n<p class=\"p1\">specific requirements that go beyond the software&#8217;s own functionalities. Needs that must be met through specific casuistry developments and each company&#8217;s unique requirements.<\/p>\n<p class=\"p2\"><strong>Our expert programming engineers will create customized solutions to help you be more efficient and competitive.<\/strong><\/p>\n<p>[\/et_pb_text][\/et_pb_column][\/et_pb_row][\/et_pb_section][et_pb_section fb_built=&#8221;1&#8243; module_class=&#8221;plmtabs3&#8243; _builder_version=&#8221;4.23.1&#8243; _module_preset=&#8221;default&#8221; min_height=&#8221;805.8px&#8221; custom_margin=&#8221;400px||||false|false&#8221; custom_margin_tablet=&#8221;400px||||false|false&#8221; custom_margin_phone=&#8221;800px||||false|false&#8221; custom_margin_last_edited=&#8221;on|phone&#8221; custom_padding=&#8221;34px|||||&#8221; global_colors_info=&#8221;{}&#8221;][et_pb_row _builder_version=&#8221;4.18.0&#8243; _module_preset=&#8221;default&#8221; custom_padding=&#8221;24px|||||&#8221; locked=&#8221;off&#8221; global_colors_info=&#8221;{}&#8221;][et_pb_column type=&#8221;4_4&#8243; _builder_version=&#8221;4.18.0&#8243; _module_preset=&#8221;default&#8221; global_colors_info=&#8221;{}&#8221;][et_pb_text _builder_version=&#8221;4.21.0&#8243; _module_preset=&#8221;default&#8221; text_font=&#8221;Ctgroup Regular||||||||&#8221; text_text_color=&#8221;#012d9a&#8221; text_font_size=&#8221;36px&#8221; global_colors_info=&#8221;{}&#8221;]<\/p>\n<h2>Our quality assurance<\/h2>\n<p>[\/et_pb_text][\/et_pb_column][\/et_pb_row][et_pb_row column_structure=&#8221;1_2,1_2&#8243; custom_padding_last_edited=&#8221;on|tablet&#8221; _builder_version=&#8221;4.19.0&#8243; _module_preset=&#8221;default&#8221; custom_padding_tablet=&#8221;||0px||false|false&#8221; custom_padding_phone=&#8221;&#8221; global_colors_info=&#8221;{}&#8221;][et_pb_column type=&#8221;1_2&#8243; _builder_version=&#8221;4.19.0&#8243; _module_preset=&#8221;default&#8221; global_colors_info=&#8221;{}&#8221;][et_pb_blurb title=&#8221;Over 35 years of experience&#8221; image=&#8221;https:\/\/www.ctsolutions.es\/wp-content\/uploads\/2023\/05\/sello-garantia-01.png&#8221; _builder_version=&#8221;4.21.0&#8243; _module_preset=&#8221;9204c1e7-f2ca-47f4-b891-4b98bc57f42c&#8221; header_font=&#8221;Ctgroup Regular|700|||||||&#8221; body_font=&#8221;Ctgroup Regular||||||||&#8221; body_line_height=&#8221;1.4em&#8221; locked=&#8221;off&#8221; global_colors_info=&#8221;{}&#8221; custom_padding=&#8221;|73px||||&#8221;]<\/p>\n<p class=\"p1\">Specialists in services related to consulting, implementation, training, and collaboration in engineering projects.<\/p>\n<p>[\/et_pb_blurb][\/et_pb_column][et_pb_column type=&#8221;1_2&#8243; _builder_version=&#8221;4.19.0&#8243; _module_preset=&#8221;default&#8221; global_colors_info=&#8221;{}&#8221;][et_pb_blurb title=&#8221;PLM and digitization.&#8221; image=&#8221;https:\/\/www.ctsolutions.es\/wp-content\/uploads\/2023\/05\/sello-garantia-02.png&#8221; _builder_version=&#8221;4.21.0&#8243; _module_preset=&#8221;9204c1e7-f2ca-47f4-b891-4b98bc57f42c&#8221; header_font=&#8221;Ctgroup Regular|700|||||||&#8221; body_font=&#8221;Ctgroup Regular||||||||&#8221; body_line_height=&#8221;1.4em&#8221; locked=&#8221;off&#8221; global_colors_info=&#8221;{}&#8221; custom_padding=&#8221;|110px||||&#8221;]<\/p>\n<p class=\"p1\">Experts in technologies related to the entire life cycle of products and assets.<\/p>\n<p>[\/et_pb_blurb][\/et_pb_column][\/et_pb_row][et_pb_row column_structure=&#8221;1_2,1_2&#8243; custom_padding_last_edited=&#8221;on|tablet&#8221; _builder_version=&#8221;4.19.0&#8243; _module_preset=&#8221;default&#8221; custom_padding_tablet=&#8221;||0px||false|false&#8221; custom_padding_phone=&#8221;&#8221; global_colors_info=&#8221;{}&#8221;][et_pb_column type=&#8221;1_2&#8243; _builder_version=&#8221;4.19.0&#8243; _module_preset=&#8221;default&#8221; global_colors_info=&#8221;{}&#8221;][et_pb_blurb title=&#8221;Agile and personalized services&#8221; image=&#8221;https:\/\/www.ctsolutions.es\/wp-content\/uploads\/2023\/05\/sello-garantia-03.png&#8221; _builder_version=&#8221;4.21.0&#8243; _module_preset=&#8221;9204c1e7-f2ca-47f4-b891-4b98bc57f42c&#8221; header_font=&#8221;Ctgroup Regular|700|||||||&#8221; body_font=&#8221;Ctgroup Regular||||||||&#8221; body_line_height=&#8221;1.4em&#8221; locked=&#8221;off&#8221; global_colors_info=&#8221;{}&#8221;]<\/p>\n<p class=\"p1\">We are always committed to understanding and adapting to our clients&#8217; needs, and we have created customized support models for each of them.<\/p>\n<p>[\/et_pb_blurb][\/et_pb_column][et_pb_column type=&#8221;1_2&#8243; _builder_version=&#8221;4.19.0&#8243; _module_preset=&#8221;default&#8221; global_colors_info=&#8221;{}&#8221;][et_pb_blurb title=&#8221;Leaders in technological innovation&#8221; image=&#8221;https:\/\/www.ctsolutions.es\/wp-content\/uploads\/2023\/05\/sello-garantia-04.png&#8221; _builder_version=&#8221;4.21.0&#8243; _module_preset=&#8221;9204c1e7-f2ca-47f4-b891-4b98bc57f42c&#8221; header_font=&#8221;Ctgroup Regular|700|||||||&#8221; body_font=&#8221;Ctgroup Regular||||||||&#8221; body_line_height=&#8221;1.4em&#8221; locked=&#8221;off&#8221; global_colors_info=&#8221;{}&#8221;]<\/p>\n<p class=\"p1\">Multi-disciplinary, multi-supplier service team with extensive experience in all industrial processes.<\/p>\n<p>[\/et_pb_blurb][\/et_pb_column][\/et_pb_row][et_pb_row column_structure=&#8221;1_2,1_2&#8243; custom_padding_last_edited=&#8221;on|tablet&#8221; _builder_version=&#8221;4.19.0&#8243; _module_preset=&#8221;default&#8221; custom_padding_tablet=&#8221;||0px||false|false&#8221; custom_padding_phone=&#8221;&#8221; global_colors_info=&#8221;{}&#8221;][et_pb_column type=&#8221;1_2&#8243; _builder_version=&#8221;4.19.0&#8243; _module_preset=&#8221;default&#8221; global_colors_info=&#8221;{}&#8221;][et_pb_blurb title=&#8221;Passionate about technology&#8221; image=&#8221;https:\/\/www.ctsolutions.es\/wp-content\/uploads\/2023\/05\/sello-garantia-05.png&#8221; _builder_version=&#8221;4.21.0&#8243; _module_preset=&#8221;9204c1e7-f2ca-47f4-b891-4b98bc57f42c&#8221; header_font=&#8221;Ctgroup Regular|700|||||||&#8221; body_font=&#8221;Ctgroup Regular||||||||&#8221; body_line_height=&#8221;1.4em&#8221; locked=&#8221;off&#8221; global_colors_info=&#8221;{}&#8221;]<\/p>\n<p class=\"p1\">As part of <strong>CT<\/strong>, we have all the knowledge on the productive use of the tools.<\/p>\n<p>[\/et_pb_blurb][\/et_pb_column][et_pb_column type=&#8221;1_2&#8243; _builder_version=&#8221;4.19.0&#8243; _module_preset=&#8221;default&#8221; global_colors_info=&#8221;{}&#8221;][et_pb_blurb title=&#8221;Service Level Agreement (SLAs)&#8221; image=&#8221;https:\/\/www.ctsolutions.es\/wp-content\/uploads\/2023\/05\/sello-garantia-06.png&#8221; _builder_version=&#8221;4.21.0&#8243; _module_preset=&#8221;9204c1e7-f2ca-47f4-b891-4b98bc57f42c&#8221; header_font=&#8221;Ctgroup Regular|700|||||||&#8221; body_font=&#8221;Ctgroup Regular||||||||&#8221; body_line_height=&#8221;1.4em&#8221; locked=&#8221;off&#8221; global_colors_info=&#8221;{}&#8221;]<\/p>\n<p class=\"p1\">Advanced support service with 5\u00d78 attention and first response in 4 hours.<\/p>\n<p>[\/et_pb_blurb][\/et_pb_column][\/et_pb_row][\/et_pb_section]<\/p>\n","protected":false},"excerpt":{"rendered":"<p>CT Solutions assists you in developing applications and automations that streamline your design and industrial processes across the entire product and asset lifecycle. Throughout our more than 35-year presence in the industrial sector, we have encountered situations in which, in addition to the capabilities of the software solutions themselves, businesses continue to haveSpecific developmentsspecific requirements that go beyond the software&#8217;s own functionalities. Needs that must be met through specific casuistry developments and each company&#8217;s unique requirements. Our expert programming engineers will create customized solutions to help you be more efficient and competitive.Our quality assuranceSpecialists in services related to consulting, implementation, training, and collaboration in engineering projects.Experts in technologies related to the entire life cycle of products and assets.We are always committed to understanding and adapting to our clients&#8217; needs, and we have created customized support models for each of them.Multi-disciplinary, multi-supplier service team with extensive experience in all industrial processes.As part of CT, we have all the knowledge on the productive use of the tools.Advanced support service with 5\u00d78 attention and first response in 4 hours.<\/p>\n","protected":false},"author":1,"featured_media":0,"parent":0,"menu_order":0,"comment_status":"closed","ping_status":"closed","template":"","meta":{"_et_pb_use_builder":"on","_et_pb_old_content":"","_et_gb_content_width":"","footnotes":""},"class_list":["post-250444","page","type-page","status-publish","hentry"],"yoast_head":"<!-- This site is optimized with the Yoast SEO plugin v27.3 - https:\/\/yoast.com\/product\/yoast-seo-wordpress\/ -->\r\n<title>Specific developments - CT Solutions<\/title>\r\n<meta name=\"robots\" content=\"index, follow, max-snippet:-1, max-image-preview:large, max-video-preview:-1\" \/>\r\n<link rel=\"canonical\" href=\"https:\/\/www.ctsolutions.es\/en\/specific-developments\/\" \/>\r\n<meta property=\"og:locale\" content=\"en_US\" \/>\r\n<meta property=\"og:type\" content=\"article\" \/>\r\n<meta property=\"og:title\" content=\"Specific developments - CT Solutions\" \/>\r\n<meta property=\"og:description\" content=\"CT Solutions assists you in developing applications and automations that streamline your design and industrial processes across the entire product and asset lifecycle. Throughout our more than 35-year presence in the industrial sector, we have encountered situations in which, in addition to the capabilities of the software solutions themselves, businesses continue to haveSpecific developmentsspecific requirements that go beyond the software&#039;s own functionalities. Needs that must be met through specific casuistry developments and each company&#039;s unique requirements. Our expert programming engineers will create customized solutions to help you be more efficient and competitive.Our quality assuranceSpecialists in services related to consulting, implementation, training, and collaboration in engineering projects.Experts in technologies related to the entire life cycle of products and assets.We are always committed to understanding and adapting to our clients&#039; needs, and we have created customized support models for each of them.Multi-disciplinary, multi-supplier service team with extensive experience in all industrial processes.As part of CT, we have all the knowledge on the productive use of the tools.Advanced support service with 5\u00d78 attention and first response in 4 hours.\" \/>\r\n<meta property=\"og:url\" content=\"https:\/\/www.ctsolutions.es\/en\/specific-developments\/\" \/>\r\n<meta property=\"og:site_name\" content=\"CT Solutions\" \/>\r\n<meta property=\"article:modified_time\" content=\"2025-03-24T09:06:03+00:00\" \/>\r\n<meta name=\"twitter:card\" content=\"summary_large_image\" \/>\r\n<meta name=\"twitter:site\" content=\"@ctsolutionsg\" \/>\r\n<meta name=\"twitter:label1\" content=\"Est. reading time\" \/>\n\t<meta name=\"twitter:data1\" content=\"5 minutes\" \/>\r\n<script type=\"application\/ld+json\" class=\"yoast-schema-graph\">{\"@context\":\"https:\\\/\\\/schema.org\",\"@graph\":[{\"@type\":\"WebPage\",\"@id\":\"https:\\\/\\\/www.ctsolutions.es\\\/en\\\/specific-developments\\\/\",\"url\":\"https:\\\/\\\/www.ctsolutions.es\\\/en\\\/specific-developments\\\/\",\"name\":\"Specific developments - CT Solutions\",\"isPartOf\":{\"@id\":\"https:\\\/\\\/www.ctsolutions.es\\\/#website\"},\"datePublished\":\"2023-05-19T09:29:14+00:00\",\"dateModified\":\"2025-03-24T09:06:03+00:00\",\"breadcrumb\":{\"@id\":\"https:\\\/\\\/www.ctsolutions.es\\\/en\\\/specific-developments\\\/#breadcrumb\"},\"inLanguage\":\"en-US\",\"potentialAction\":[{\"@type\":\"ReadAction\",\"target\":[\"https:\\\/\\\/www.ctsolutions.es\\\/en\\\/specific-developments\\\/\"]}]},{\"@type\":\"BreadcrumbList\",\"@id\":\"https:\\\/\\\/www.ctsolutions.es\\\/en\\\/specific-developments\\\/#breadcrumb\",\"itemListElement\":[{\"@type\":\"ListItem\",\"position\":1,\"name\":\"Portada\",\"item\":\"https:\\\/\\\/www.ctsolutions.es\\\/en\\\/home\\\/\"},{\"@type\":\"ListItem\",\"position\":2,\"name\":\"Specific developments\"}]},{\"@type\":\"WebSite\",\"@id\":\"https:\\\/\\\/www.ctsolutions.es\\\/#website\",\"url\":\"https:\\\/\\\/www.ctsolutions.es\\\/\",\"name\":\"CT Solutions\",\"description\":\"M\u00e1s de 35 a\u00f1os ayudando a las empresas a ser m\u00e1s eficaces y competitivas\",\"publisher\":{\"@id\":\"https:\\\/\\\/www.ctsolutions.es\\\/#organization\"},\"potentialAction\":[{\"@type\":\"SearchAction\",\"target\":{\"@type\":\"EntryPoint\",\"urlTemplate\":\"https:\\\/\\\/www.ctsolutions.es\\\/?s={search_term_string}\"},\"query-input\":{\"@type\":\"PropertyValueSpecification\",\"valueRequired\":true,\"valueName\":\"search_term_string\"}}],\"inLanguage\":\"en-US\"},{\"@type\":\"Organization\",\"@id\":\"https:\\\/\\\/www.ctsolutions.es\\\/#organization\",\"name\":\"CT Solutions\",\"url\":\"https:\\\/\\\/www.ctsolutions.es\\\/\",\"logo\":{\"@type\":\"ImageObject\",\"inLanguage\":\"en-US\",\"@id\":\"https:\\\/\\\/www.ctsolutions.es\\\/#\\\/schema\\\/logo\\\/image\\\/\",\"url\":\"https:\\\/\\\/www.ctsolutions.es\\\/wp-content\\\/uploads\\\/2023\\\/06\\\/Logo-CT-Solutions-positive-version.png\",\"contentUrl\":\"https:\\\/\\\/www.ctsolutions.es\\\/wp-content\\\/uploads\\\/2023\\\/06\\\/Logo-CT-Solutions-positive-version.png\",\"width\":1160,\"height\":501,\"caption\":\"CT Solutions\"},\"image\":{\"@id\":\"https:\\\/\\\/www.ctsolutions.es\\\/#\\\/schema\\\/logo\\\/image\\\/\"},\"sameAs\":[\"https:\\\/\\\/x.com\\\/ctsolutionsg\"]}]}<\/script>\r\n<!-- \/ Yoast SEO plugin. -->","yoast_head_json":{"title":"Specific developments - CT Solutions","robots":{"index":"index","follow":"follow","max-snippet":"max-snippet:-1","max-image-preview":"max-image-preview:large","max-video-preview":"max-video-preview:-1"},"canonical":"https:\/\/www.ctsolutions.es\/en\/specific-developments\/","og_locale":"en_US","og_type":"article","og_title":"Specific developments - CT Solutions","og_description":"CT Solutions assists you in developing applications and automations that streamline your design and industrial processes across the entire product and asset lifecycle. Throughout our more than 35-year presence in the industrial sector, we have encountered situations in which, in addition to the capabilities of the software solutions themselves, businesses continue to haveSpecific developmentsspecific requirements that go beyond the software's own functionalities. Needs that must be met through specific casuistry developments and each company's unique requirements. Our expert programming engineers will create customized solutions to help you be more efficient and competitive.Our quality assuranceSpecialists in services related to consulting, implementation, training, and collaboration in engineering projects.Experts in technologies related to the entire life cycle of products and assets.We are always committed to understanding and adapting to our clients' needs, and we have created customized support models for each of them.Multi-disciplinary, multi-supplier service team with extensive experience in all industrial processes.As part of CT, we have all the knowledge on the productive use of the tools.Advanced support service with 5\u00d78 attention and first response in 4 hours.","og_url":"https:\/\/www.ctsolutions.es\/en\/specific-developments\/","og_site_name":"CT Solutions","article_modified_time":"2025-03-24T09:06:03+00:00","twitter_card":"summary_large_image","twitter_site":"@ctsolutionsg","twitter_misc":{"Est. reading time":"5 minutes"},"schema":{"@context":"https:\/\/schema.org","@graph":[{"@type":"WebPage","@id":"https:\/\/www.ctsolutions.es\/en\/specific-developments\/","url":"https:\/\/www.ctsolutions.es\/en\/specific-developments\/","name":"Specific developments - CT Solutions","isPartOf":{"@id":"https:\/\/www.ctsolutions.es\/#website"},"datePublished":"2023-05-19T09:29:14+00:00","dateModified":"2025-03-24T09:06:03+00:00","breadcrumb":{"@id":"https:\/\/www.ctsolutions.es\/en\/specific-developments\/#breadcrumb"},"inLanguage":"en-US","potentialAction":[{"@type":"ReadAction","target":["https:\/\/www.ctsolutions.es\/en\/specific-developments\/"]}]},{"@type":"BreadcrumbList","@id":"https:\/\/www.ctsolutions.es\/en\/specific-developments\/#breadcrumb","itemListElement":[{"@type":"ListItem","position":1,"name":"Portada","item":"https:\/\/www.ctsolutions.es\/en\/home\/"},{"@type":"ListItem","position":2,"name":"Specific developments"}]},{"@type":"WebSite","@id":"https:\/\/www.ctsolutions.es\/#website","url":"https:\/\/www.ctsolutions.es\/","name":"CT Solutions","description":"M\u00e1s de 35 a\u00f1os ayudando a las empresas a ser m\u00e1s eficaces y competitivas","publisher":{"@id":"https:\/\/www.ctsolutions.es\/#organization"},"potentialAction":[{"@type":"SearchAction","target":{"@type":"EntryPoint","urlTemplate":"https:\/\/www.ctsolutions.es\/?s={search_term_string}"},"query-input":{"@type":"PropertyValueSpecification","valueRequired":true,"valueName":"search_term_string"}}],"inLanguage":"en-US"},{"@type":"Organization","@id":"https:\/\/www.ctsolutions.es\/#organization","name":"CT Solutions","url":"https:\/\/www.ctsolutions.es\/","logo":{"@type":"ImageObject","inLanguage":"en-US","@id":"https:\/\/www.ctsolutions.es\/#\/schema\/logo\/image\/","url":"https:\/\/www.ctsolutions.es\/wp-content\/uploads\/2023\/06\/Logo-CT-Solutions-positive-version.png","contentUrl":"https:\/\/www.ctsolutions.es\/wp-content\/uploads\/2023\/06\/Logo-CT-Solutions-positive-version.png","width":1160,"height":501,"caption":"CT Solutions"},"image":{"@id":"https:\/\/www.ctsolutions.es\/#\/schema\/logo\/image\/"},"sameAs":["https:\/\/x.com\/ctsolutionsg"]}]}},"_links":{"self":[{"href":"https:\/\/www.ctsolutions.es\/en\/wp-json\/wp\/v2\/pages\/250444","targetHints":{"allow":["GET"]}}],"collection":[{"href":"https:\/\/www.ctsolutions.es\/en\/wp-json\/wp\/v2\/pages"}],"about":[{"href":"https:\/\/www.ctsolutions.es\/en\/wp-json\/wp\/v2\/types\/page"}],"author":[{"embeddable":true,"href":"https:\/\/www.ctsolutions.es\/en\/wp-json\/wp\/v2\/users\/1"}],"replies":[{"embeddable":true,"href":"https:\/\/www.ctsolutions.es\/en\/wp-json\/wp\/v2\/comments?post=250444"}],"version-history":[{"count":3,"href":"https:\/\/www.ctsolutions.es\/en\/wp-json\/wp\/v2\/pages\/250444\/revisions"}],"predecessor-version":[{"id":250564,"href":"https:\/\/www.ctsolutions.es\/en\/wp-json\/wp\/v2\/pages\/250444\/revisions\/250564"}],"wp:attachment":[{"href":"https:\/\/www.ctsolutions.es\/en\/wp-json\/wp\/v2\/media?parent=250444"}],"curies":[{"name":"wp","href":"https:\/\/api.w.org\/{rel}","templated":true}]}}