{"id":250429,"date":"2023-05-19T10:02:36","date_gmt":"2023-05-19T10:02:36","guid":{"rendered":"https:\/\/www.ctsolutions.es\/dassault-systemes\/"},"modified":"2024-02-15T08:29:17","modified_gmt":"2024-02-15T08:29:17","slug":"dassault-systemes","status":"publish","type":"page","link":"https:\/\/www.ctsolutions.es\/en\/dassault-systemes\/","title":{"rendered":"Dassault Syst\u00e8mes"},"content":{"rendered":"<p>[et_pb_section fb_built=&#8221;1&#8243; _builder_version=&#8221;4.21.0&#8243; _module_preset=&#8221;default&#8221; background_color=&#8221;#f7f7f7&#8243; use_background_color_gradient=&#8221;on&#8221; background_color_gradient_stops=&#8221;#2b87da 50%|#f7f7f7 50%&#8221; background_image=&#8221;https:\/\/www.ctsolutions.es\/wp-content\/uploads\/2023\/06\/partners_dassaul.jpg&#8221; height=&#8221;400px&#8221; custom_margin=&#8221;||300px||false|false&#8221; global_colors_info=&#8221;{}&#8221;][et_pb_row column_structure=&#8221;1_2,1_2&#8243; _builder_version=&#8221;4.23.1&#8243; _module_preset=&#8221;default&#8221; background_color=&#8221;#ffffff&#8221; vertical_offset=&#8221;300px&#8221; width=&#8221;100%&#8221; width_tablet=&#8221;100%&#8221; width_phone=&#8221;100%&#8221; width_last_edited=&#8221;on|phone&#8221; min_height=&#8221;578.4px&#8221; min_height_tablet=&#8221;578.4px&#8221; min_height_phone=&#8221;1000px&#8221; min_height_last_edited=&#8221;on|phone&#8221; height=&#8221;509px&#8221; height_tablet=&#8221;509px&#8221; height_phone=&#8221;509px&#8221; height_last_edited=&#8221;on|phone&#8221; max_height=&#8221;1000px&#8221; custom_margin=&#8221;|auto|9px|auto|false|false&#8221; custom_margin_tablet=&#8221;|auto|9px|auto|false|false&#8221; custom_margin_phone=&#8221;0px|auto|4px|auto|false|false&#8221; custom_margin_last_edited=&#8221;on|phone&#8221; custom_padding=&#8221;50px|50px|0px|50px|false|false&#8221; module_alignment_tablet=&#8221;&#8221; module_alignment_phone=&#8221;center&#8221; module_alignment_last_edited=&#8221;on|phone&#8221; global_colors_info=&#8221;{}&#8221;][et_pb_column type=&#8221;1_2&#8243; _builder_version=&#8221;4.20.4&#8243; _module_preset=&#8221;default&#8221; global_colors_info=&#8221;{}&#8221;][et_pb_text _builder_version=&#8221;4.23.1&#8243; _module_preset=&#8221;default&#8221; text_font=&#8221;CTgroup Bold||||||||&#8221; text_text_color=&#8221;#ffffff&#8221; text_font_size=&#8221;40px&#8221; positioning=&#8221;absolute&#8221; width=&#8221;100%&#8221; custom_margin=&#8221;-200px||||false|false&#8221; global_colors_info=&#8221;{}&#8221;]<\/p>\n<h1>Dassault Syst\u00e8mes<\/h1>\n<p>[\/et_pb_text][et_pb_text _builder_version=&#8221;4.21.0&#8243; _module_preset=&#8221;default&#8221; text_font=&#8221;Ctgroup Regular||||||||&#8221; background_color=&#8221;RGBA(255,255,255,0)&#8221; global_colors_info=&#8221;{}&#8221;]<\/p>\n<p class=\"p1\"><strong>Dassault Syst\u00e8mes, the 3DEXPERIENCE \u00ae Company<\/strong>, is a driving force for human progress. <strong>It allows businesses and individuals to collaborate in 3D virtual environments to imagine sustainable innovations.<\/strong> Our clients use the 3DEXPERIENCE\u00ae platform and applications to create real-world virtual experiences, pushing the boundaries of innovation, learning, and production. <strong>Dassault Syst\u00e8mes provides value to over 270,000 clients of all sizes, across all industries, and in over 140 countries.<\/strong><\/p>\n<p class=\"p1\">Dassault Syst\u00e8mes offers 3DEXPERIENCE\u00ae universes in which businesses and users can imagine sustainable innovations that balance products, nature, and life.<\/p>\n<p>[\/et_pb_text][\/et_pb_column][et_pb_column type=&#8221;1_2&#8243; _builder_version=&#8221;4.20.4&#8243; _module_preset=&#8221;default&#8221; global_colors_info=&#8221;{}&#8221;][et_pb_text _builder_version=&#8221;4.23.1&#8243; _module_preset=&#8221;default&#8221; text_font=&#8221;Ctgroup Regular||||||||&#8221; background_color=&#8221;RGBA(255,255,255,0)&#8221; custom_margin=&#8221;1px||||false|false&#8221; custom_margin_tablet=&#8221;90px||||false|false&#8221; custom_margin_phone=&#8221;0px||||false|false&#8221; custom_margin_last_edited=&#8221;on|phone&#8221; custom_padding=&#8221;0px|||||&#8221; hover_enabled=&#8221;0&#8243; global_colors_info=&#8221;{}&#8221; sticky_enabled=&#8221;0&#8243;]<\/p>\n<p class=\"p1\">Dassault Syst\u00e8mes&#8217; most prominent industrial solutions include the <strong>3DEXPERIENCE\u00ae Platform<\/strong>, an enterprise project management platform, <strong>CATIA<\/strong> and <strong>SOLIDWORKS<\/strong>,<span class=\"Apple-converted-space\"> <\/span>reference product design solutions, <strong>DELMIA<\/strong>,<span class=\"Apple-converted-space\"> <\/span>a digital manufacturing solution, <strong>SIMULIA ABAQUS<\/strong> for product simulation, and <strong>CST Studio Suite<\/strong>, which focuses on electromagnetic simulation, among others.<\/p>\n<p class=\"p2\">For more information, visit: <a href=\"http:\/\/www.3ds.com\/\"><span class=\"s1\">www.3ds.com<\/span><\/a><\/p>\n<p class=\"p2\"><img loading=\"lazy\" decoding=\"async\" src=\"https:\/\/www.ctsolutions.es\/wp-content\/uploads\/2023\/05\/logo3d.jpg\" width=\"169\" height=\"189\" alt=\"\" class=\"wp-image-247987 alignnone size-full\" style=\"display: block; margin-left: auto; margin-right: auto;\" \/><\/p>\n<p>[\/et_pb_text][\/et_pb_column][\/et_pb_row][\/et_pb_section][et_pb_section fb_built=&#8221;1&#8243; module_class=&#8221;plmtabs5&#8243; _builder_version=&#8221;4.23.1&#8243; _module_preset=&#8221;default&#8221; background_enable_color=&#8221;off&#8221; custom_margin=&#8221;645px||||false|false&#8221; custom_margin_tablet=&#8221;875px||||false|false&#8221; custom_margin_phone=&#8221;1500px||||false|false&#8221; custom_margin_last_edited=&#8221;on|tablet&#8221; custom_padding=&#8221;0px||||false|false&#8221; top_divider_style_tablet=&#8221;&#8221; top_divider_style_phone=&#8221;&#8221; top_divider_style_last_edited=&#8221;on|phone&#8221; global_colors_info=&#8221;{}&#8221;][et_pb_row _builder_version=&#8221;4.21.0&#8243; _module_preset=&#8221;default&#8221; global_colors_info=&#8221;{}&#8221;][et_pb_column type=&#8221;4_4&#8243; _builder_version=&#8221;4.21.0&#8243; _module_preset=&#8221;default&#8221; global_colors_info=&#8221;{}&#8221;][et_pb_text _builder_version=&#8221;4.21.0&#8243; _module_preset=&#8221;default&#8221; text_font=&#8221;CTgroup Bold||||||||&#8221; text_text_color=&#8221;#012d9a&#8221; text_font_size=&#8221;21px&#8221; text_orientation=&#8221;center&#8221; global_colors_info=&#8221;{}&#8221;]<\/p>\n<h2 style=\"font-size:21px\">Cadtech is a Platinum Partner of Dassault Syst\u00e8mes in Spain and Portugal.<\/h2>\n<p>[\/et_pb_text][\/et_pb_column][\/et_pb_row][et_pb_row _builder_version=&#8221;4.23.1&#8243; _module_preset=&#8221;default&#8221; custom_margin=&#8221;-38px|auto||auto||&#8221; custom_margin_tablet=&#8221;-38px|auto||auto||&#8221; custom_margin_phone=&#8221;0px|auto||auto|false|false&#8221; custom_margin_last_edited=&#8221;on|phone&#8221; global_colors_info=&#8221;{}&#8221;][et_pb_column type=&#8221;4_4&#8243; _builder_version=&#8221;4.21.0&#8243; _module_preset=&#8221;default&#8221; global_colors_info=&#8221;{}&#8221;][et_pb_image src=&#8221;https:\/\/www.ctsolutions.es\/wp-content\/uploads\/2023\/05\/logoplat.jpg&#8221; title_text=&#8221;logoplat&#8221; align=&#8221;center&#8221; _builder_version=&#8221;4.21.0&#8243; _module_preset=&#8221;default&#8221; global_colors_info=&#8221;{}&#8221;][\/et_pb_image][et_pb_text _builder_version=&#8221;4.21.0&#8243; _module_preset=&#8221;default&#8221; text_font=&#8221;Ctgroup Regular||||||||&#8221; text_orientation=&#8221;center&#8221; global_colors_info=&#8221;{}&#8221;]<\/p>\n<p class=\"p1\">For more information, visit: <a href=\"https:\/\/www.cadtech.es\" target=\"_blank\" rel=\"noopener\">www.cadtech.es<\/a><\/p>\n<p>[\/et_pb_text][\/et_pb_column][\/et_pb_row][\/et_pb_section]<\/p>\n","protected":false},"excerpt":{"rendered":"<p>Dassault Syst\u00e8mesDassault Syst\u00e8mes, the 3DEXPERIENCE \u00ae Company, is a driving force for human progress. It allows businesses and individuals to collaborate in 3D virtual environments to imagine sustainable innovations. Our clients use the 3DEXPERIENCE\u00ae platform and applications to create real-world virtual experiences, pushing the boundaries of innovation, learning, and production. Dassault Syst\u00e8mes provides value to over 270,000 clients of all sizes, across all industries, and in over 140 countries. Dassault Syst\u00e8mes offers 3DEXPERIENCE\u00ae universes in which businesses and users can imagine sustainable innovations that balance products, nature, and life.Dassault Syst\u00e8mes&#8217; most prominent industrial solutions include the 3DEXPERIENCE\u00ae Platform, an enterprise project management platform, CATIA and SOLIDWORKS, reference product design solutions, DELMIA, a digital manufacturing solution, SIMULIA ABAQUS for product simulation, and CST Studio Suite, which focuses on electromagnetic simulation, among others. For more information, visit: www.3ds.com Cadtech is a Platinum Partner of Dassault Syst\u00e8mes in Spain and Portugal.For more information, visit: www.cadtech.es<\/p>\n","protected":false},"author":1,"featured_media":0,"parent":0,"menu_order":0,"comment_status":"closed","ping_status":"closed","template":"","meta":{"_et_pb_use_builder":"on","_et_pb_old_content":"","_et_gb_content_width":"","footnotes":""},"class_list":["post-250429","page","type-page","status-publish","hentry"],"yoast_head":"<!-- This site is optimized with the Yoast SEO plugin v27.3 - https:\/\/yoast.com\/product\/yoast-seo-wordpress\/ -->\r\n<title>Dassault Syst\u00e8mes - CT Solutions<\/title>\r\n<meta name=\"robots\" content=\"index, follow, max-snippet:-1, max-image-preview:large, max-video-preview:-1\" \/>\r\n<link rel=\"canonical\" href=\"https:\/\/www.ctsolutions.es\/en\/dassault-systemes\/\" \/>\r\n<meta property=\"og:locale\" content=\"en_US\" \/>\r\n<meta property=\"og:type\" content=\"article\" \/>\r\n<meta property=\"og:title\" content=\"Dassault Syst\u00e8mes - CT Solutions\" \/>\r\n<meta property=\"og:description\" content=\"Dassault Syst\u00e8mesDassault Syst\u00e8mes, the 3DEXPERIENCE \u00ae Company, is a driving force for human progress. It allows businesses and individuals to collaborate in 3D virtual environments to imagine sustainable innovations. Our clients use the 3DEXPERIENCE\u00ae platform and applications to create real-world virtual experiences, pushing the boundaries of innovation, learning, and production. Dassault Syst\u00e8mes provides value to over 270,000 clients of all sizes, across all industries, and in over 140 countries. Dassault Syst\u00e8mes offers 3DEXPERIENCE\u00ae universes in which businesses and users can imagine sustainable innovations that balance products, nature, and life.Dassault Syst\u00e8mes&#039; most prominent industrial solutions include the 3DEXPERIENCE\u00ae Platform, an enterprise project management platform, CATIA and SOLIDWORKS, reference product design solutions, DELMIA, a digital manufacturing solution, SIMULIA ABAQUS for product simulation, and CST Studio Suite, which focuses on electromagnetic simulation, among others. For more information, visit: www.3ds.com Cadtech is a Platinum Partner of Dassault Syst\u00e8mes in Spain and Portugal.For more information, visit: www.cadtech.es\" \/>\r\n<meta property=\"og:url\" content=\"https:\/\/www.ctsolutions.es\/en\/dassault-systemes\/\" \/>\r\n<meta property=\"og:site_name\" content=\"CT Solutions\" \/>\r\n<meta property=\"article:modified_time\" content=\"2024-02-15T08:29:17+00:00\" \/>\r\n<meta property=\"og:image\" content=\"https:\/\/www.ctsolutions.es\/wp-content\/uploads\/2023\/05\/logo3d.jpg\" \/>\r\n<meta name=\"twitter:card\" content=\"summary_large_image\" \/>\r\n<meta name=\"twitter:site\" content=\"@ctsolutionsg\" \/>\r\n<meta name=\"twitter:label1\" content=\"Est. reading time\" \/>\n\t<meta name=\"twitter:data1\" content=\"3 minutes\" \/>\r\n<script type=\"application\/ld+json\" class=\"yoast-schema-graph\">{\"@context\":\"https:\\\/\\\/schema.org\",\"@graph\":[{\"@type\":\"WebPage\",\"@id\":\"https:\\\/\\\/www.ctsolutions.es\\\/en\\\/dassault-systemes\\\/\",\"url\":\"https:\\\/\\\/www.ctsolutions.es\\\/en\\\/dassault-systemes\\\/\",\"name\":\"Dassault Syst\u00e8mes - CT Solutions\",\"isPartOf\":{\"@id\":\"https:\\\/\\\/www.ctsolutions.es\\\/#website\"},\"primaryImageOfPage\":{\"@id\":\"https:\\\/\\\/www.ctsolutions.es\\\/en\\\/dassault-systemes\\\/#primaryimage\"},\"image\":{\"@id\":\"https:\\\/\\\/www.ctsolutions.es\\\/en\\\/dassault-systemes\\\/#primaryimage\"},\"thumbnailUrl\":\"https:\\\/\\\/www.ctsolutions.es\\\/wp-content\\\/uploads\\\/2023\\\/05\\\/logo3d.jpg\",\"datePublished\":\"2023-05-19T10:02:36+00:00\",\"dateModified\":\"2024-02-15T08:29:17+00:00\",\"breadcrumb\":{\"@id\":\"https:\\\/\\\/www.ctsolutions.es\\\/en\\\/dassault-systemes\\\/#breadcrumb\"},\"inLanguage\":\"en-US\",\"potentialAction\":[{\"@type\":\"ReadAction\",\"target\":[\"https:\\\/\\\/www.ctsolutions.es\\\/en\\\/dassault-systemes\\\/\"]}]},{\"@type\":\"ImageObject\",\"inLanguage\":\"en-US\",\"@id\":\"https:\\\/\\\/www.ctsolutions.es\\\/en\\\/dassault-systemes\\\/#primaryimage\",\"url\":\"https:\\\/\\\/www.ctsolutions.es\\\/wp-content\\\/uploads\\\/2023\\\/05\\\/logo3d.jpg\",\"contentUrl\":\"https:\\\/\\\/www.ctsolutions.es\\\/wp-content\\\/uploads\\\/2023\\\/05\\\/logo3d.jpg\"},{\"@type\":\"BreadcrumbList\",\"@id\":\"https:\\\/\\\/www.ctsolutions.es\\\/en\\\/dassault-systemes\\\/#breadcrumb\",\"itemListElement\":[{\"@type\":\"ListItem\",\"position\":1,\"name\":\"Portada\",\"item\":\"https:\\\/\\\/www.ctsolutions.es\\\/en\\\/home\\\/\"},{\"@type\":\"ListItem\",\"position\":2,\"name\":\"Dassault Syst\u00e8mes\"}]},{\"@type\":\"WebSite\",\"@id\":\"https:\\\/\\\/www.ctsolutions.es\\\/#website\",\"url\":\"https:\\\/\\\/www.ctsolutions.es\\\/\",\"name\":\"CT Solutions\",\"description\":\"M\u00e1s de 35 a\u00f1os ayudando a las empresas a ser m\u00e1s eficaces y competitivas\",\"publisher\":{\"@id\":\"https:\\\/\\\/www.ctsolutions.es\\\/#organization\"},\"potentialAction\":[{\"@type\":\"SearchAction\",\"target\":{\"@type\":\"EntryPoint\",\"urlTemplate\":\"https:\\\/\\\/www.ctsolutions.es\\\/?s={search_term_string}\"},\"query-input\":{\"@type\":\"PropertyValueSpecification\",\"valueRequired\":true,\"valueName\":\"search_term_string\"}}],\"inLanguage\":\"en-US\"},{\"@type\":\"Organization\",\"@id\":\"https:\\\/\\\/www.ctsolutions.es\\\/#organization\",\"name\":\"CT Solutions\",\"url\":\"https:\\\/\\\/www.ctsolutions.es\\\/\",\"logo\":{\"@type\":\"ImageObject\",\"inLanguage\":\"en-US\",\"@id\":\"https:\\\/\\\/www.ctsolutions.es\\\/#\\\/schema\\\/logo\\\/image\\\/\",\"url\":\"https:\\\/\\\/www.ctsolutions.es\\\/wp-content\\\/uploads\\\/2023\\\/06\\\/Logo-CT-Solutions-positive-version.png\",\"contentUrl\":\"https:\\\/\\\/www.ctsolutions.es\\\/wp-content\\\/uploads\\\/2023\\\/06\\\/Logo-CT-Solutions-positive-version.png\",\"width\":1160,\"height\":501,\"caption\":\"CT Solutions\"},\"image\":{\"@id\":\"https:\\\/\\\/www.ctsolutions.es\\\/#\\\/schema\\\/logo\\\/image\\\/\"},\"sameAs\":[\"https:\\\/\\\/x.com\\\/ctsolutionsg\"]}]}<\/script>\r\n<!-- \/ Yoast SEO plugin. -->","yoast_head_json":{"title":"Dassault Syst\u00e8mes - CT Solutions","robots":{"index":"index","follow":"follow","max-snippet":"max-snippet:-1","max-image-preview":"max-image-preview:large","max-video-preview":"max-video-preview:-1"},"canonical":"https:\/\/www.ctsolutions.es\/en\/dassault-systemes\/","og_locale":"en_US","og_type":"article","og_title":"Dassault Syst\u00e8mes - CT Solutions","og_description":"Dassault Syst\u00e8mesDassault Syst\u00e8mes, the 3DEXPERIENCE \u00ae Company, is a driving force for human progress. It allows businesses and individuals to collaborate in 3D virtual environments to imagine sustainable innovations. Our clients use the 3DEXPERIENCE\u00ae platform and applications to create real-world virtual experiences, pushing the boundaries of innovation, learning, and production. Dassault Syst\u00e8mes provides value to over 270,000 clients of all sizes, across all industries, and in over 140 countries. Dassault Syst\u00e8mes offers 3DEXPERIENCE\u00ae universes in which businesses and users can imagine sustainable innovations that balance products, nature, and life.Dassault Syst\u00e8mes' most prominent industrial solutions include the 3DEXPERIENCE\u00ae Platform, an enterprise project management platform, CATIA and SOLIDWORKS, reference product design solutions, DELMIA, a digital manufacturing solution, SIMULIA ABAQUS for product simulation, and CST Studio Suite, which focuses on electromagnetic simulation, among others. For more information, visit: www.3ds.com Cadtech is a Platinum Partner of Dassault Syst\u00e8mes in Spain and Portugal.For more information, visit: www.cadtech.es","og_url":"https:\/\/www.ctsolutions.es\/en\/dassault-systemes\/","og_site_name":"CT Solutions","article_modified_time":"2024-02-15T08:29:17+00:00","og_image":[{"url":"https:\/\/www.ctsolutions.es\/wp-content\/uploads\/2023\/05\/logo3d.jpg","type":"","width":"","height":""}],"twitter_card":"summary_large_image","twitter_site":"@ctsolutionsg","twitter_misc":{"Est. reading time":"3 minutes"},"schema":{"@context":"https:\/\/schema.org","@graph":[{"@type":"WebPage","@id":"https:\/\/www.ctsolutions.es\/en\/dassault-systemes\/","url":"https:\/\/www.ctsolutions.es\/en\/dassault-systemes\/","name":"Dassault Syst\u00e8mes - CT Solutions","isPartOf":{"@id":"https:\/\/www.ctsolutions.es\/#website"},"primaryImageOfPage":{"@id":"https:\/\/www.ctsolutions.es\/en\/dassault-systemes\/#primaryimage"},"image":{"@id":"https:\/\/www.ctsolutions.es\/en\/dassault-systemes\/#primaryimage"},"thumbnailUrl":"https:\/\/www.ctsolutions.es\/wp-content\/uploads\/2023\/05\/logo3d.jpg","datePublished":"2023-05-19T10:02:36+00:00","dateModified":"2024-02-15T08:29:17+00:00","breadcrumb":{"@id":"https:\/\/www.ctsolutions.es\/en\/dassault-systemes\/#breadcrumb"},"inLanguage":"en-US","potentialAction":[{"@type":"ReadAction","target":["https:\/\/www.ctsolutions.es\/en\/dassault-systemes\/"]}]},{"@type":"ImageObject","inLanguage":"en-US","@id":"https:\/\/www.ctsolutions.es\/en\/dassault-systemes\/#primaryimage","url":"https:\/\/www.ctsolutions.es\/wp-content\/uploads\/2023\/05\/logo3d.jpg","contentUrl":"https:\/\/www.ctsolutions.es\/wp-content\/uploads\/2023\/05\/logo3d.jpg"},{"@type":"BreadcrumbList","@id":"https:\/\/www.ctsolutions.es\/en\/dassault-systemes\/#breadcrumb","itemListElement":[{"@type":"ListItem","position":1,"name":"Portada","item":"https:\/\/www.ctsolutions.es\/en\/home\/"},{"@type":"ListItem","position":2,"name":"Dassault Syst\u00e8mes"}]},{"@type":"WebSite","@id":"https:\/\/www.ctsolutions.es\/#website","url":"https:\/\/www.ctsolutions.es\/","name":"CT Solutions","description":"M\u00e1s de 35 a\u00f1os ayudando a las empresas a ser m\u00e1s eficaces y competitivas","publisher":{"@id":"https:\/\/www.ctsolutions.es\/#organization"},"potentialAction":[{"@type":"SearchAction","target":{"@type":"EntryPoint","urlTemplate":"https:\/\/www.ctsolutions.es\/?s={search_term_string}"},"query-input":{"@type":"PropertyValueSpecification","valueRequired":true,"valueName":"search_term_string"}}],"inLanguage":"en-US"},{"@type":"Organization","@id":"https:\/\/www.ctsolutions.es\/#organization","name":"CT Solutions","url":"https:\/\/www.ctsolutions.es\/","logo":{"@type":"ImageObject","inLanguage":"en-US","@id":"https:\/\/www.ctsolutions.es\/#\/schema\/logo\/image\/","url":"https:\/\/www.ctsolutions.es\/wp-content\/uploads\/2023\/06\/Logo-CT-Solutions-positive-version.png","contentUrl":"https:\/\/www.ctsolutions.es\/wp-content\/uploads\/2023\/06\/Logo-CT-Solutions-positive-version.png","width":1160,"height":501,"caption":"CT Solutions"},"image":{"@id":"https:\/\/www.ctsolutions.es\/#\/schema\/logo\/image\/"},"sameAs":["https:\/\/x.com\/ctsolutionsg"]}]}},"_links":{"self":[{"href":"https:\/\/www.ctsolutions.es\/en\/wp-json\/wp\/v2\/pages\/250429","targetHints":{"allow":["GET"]}}],"collection":[{"href":"https:\/\/www.ctsolutions.es\/en\/wp-json\/wp\/v2\/pages"}],"about":[{"href":"https:\/\/www.ctsolutions.es\/en\/wp-json\/wp\/v2\/types\/page"}],"author":[{"embeddable":true,"href":"https:\/\/www.ctsolutions.es\/en\/wp-json\/wp\/v2\/users\/1"}],"replies":[{"embeddable":true,"href":"https:\/\/www.ctsolutions.es\/en\/wp-json\/wp\/v2\/comments?post=250429"}],"version-history":[{"count":3,"href":"https:\/\/www.ctsolutions.es\/en\/wp-json\/wp\/v2\/pages\/250429\/revisions"}],"predecessor-version":[{"id":250540,"href":"https:\/\/www.ctsolutions.es\/en\/wp-json\/wp\/v2\/pages\/250429\/revisions\/250540"}],"wp:attachment":[{"href":"https:\/\/www.ctsolutions.es\/en\/wp-json\/wp\/v2\/media?parent=250429"}],"curies":[{"name":"wp","href":"https:\/\/api.w.org\/{rel}","templated":true}]}}